{"id":4802,"date":"2022-05-23T05:22:13","date_gmt":"2022-05-23T05:22:13","guid":{"rendered":"https:\/\/gutierrezlawfirm.com\/?page_id=4802"},"modified":"2024-06-21T05:04:53","modified_gmt":"2024-06-21T05:04:53","slug":"contactenos","status":"publish","type":"page","link":"https:\/\/gutierrezlawfirm.com\/es\/contactenos\/","title":{"rendered":"CONTACTENOS"},"content":{"rendered":"\t\t<div data-elementor-type=\"wp-page\" data-elementor-id=\"4802\" class=\"elementor elementor-4802 elementor-222\" data-elementor-post-type=\"page\">\n\t\t\t\t<div class=\"elementor-element elementor-element-4b04a77 e-flex e-con-boxed e-con e-parent\" data-id=\"4b04a77\" data-element_type=\"container\" data-e-type=\"container\" data-settings=\"{&quot;background_background&quot;:&quot;classic&quot;}\">\n\t\t\t\t\t<div class=\"e-con-inner\">\n\t\t<div class=\"elementor-element elementor-element-57d614c e-con-full e-flex e-con e-child\" data-id=\"57d614c\" data-element_type=\"container\" data-e-type=\"container\">\n\t\t<div class=\"elementor-element elementor-element-40c3e51 e-con-full hero-team m-hero-team e-flex e-con e-child\" data-id=\"40c3e51\" data-element_type=\"container\" data-e-type=\"container\" data-settings=\"{&quot;position&quot;:&quot;absolute&quot;}\">\n\t\t\t\t<div class=\"elementor-element elementor-element-0f43945 m-team-ab elementor-widget elementor-widget-image\" data-id=\"0f43945\" data-element_type=\"widget\" data-e-type=\"widget\" data-widget_type=\"image.default\">\n\t\t\t\t<div class=\"elementor-widget-container\">\n\t\t\t\t\t\t\t\t\t\t\t\t\t\t\t<img fetchpriority=\"high\" decoding=\"async\" width=\"800\" height=\"849\" src=\"https:\/\/gutierrezlawfirm.com\/wp-content\/uploads\/2024\/03\/DSC_2153-opt-965x1024.png\" class=\"attachment-large size-large wp-image-4595\" alt=\"\" srcset=\"https:\/\/gutierrezlawfirm.com\/wp-content\/uploads\/2024\/03\/DSC_2153-opt-965x1024.png 965w, https:\/\/gutierrezlawfirm.com\/wp-content\/uploads\/2024\/03\/DSC_2153-opt-283x300.png 283w, https:\/\/gutierrezlawfirm.com\/wp-content\/uploads\/2024\/03\/DSC_2153-opt-768x815.png 768w, https:\/\/gutierrezlawfirm.com\/wp-content\/uploads\/2024\/03\/DSC_2153-opt.png 1000w\" sizes=\"(max-width: 800px) 100vw, 800px\" \/>\t\t\t\t\t\t\t\t\t\t\t\t\t\t\t<\/div>\n\t\t\t\t<\/div>\n\t\t\t\t<\/div>\n\t\t<div class=\"elementor-element elementor-element-3f1debc e-con-full  m-right e-flex e-con e-child\" data-id=\"3f1debc\" data-element_type=\"container\" data-e-type=\"container\">\n\t\t<div class=\"elementor-element elementor-element-267280e e-con-full e-flex e-con e-child\" data-id=\"267280e\" data-element_type=\"container\" data-e-type=\"container\">\n\t\t\t\t<div class=\"elementor-element elementor-element-439f6d7 elementor-widget elementor-widget-heading\" data-id=\"439f6d7\" data-element_type=\"widget\" data-e-type=\"widget\" data-widget_type=\"heading.default\">\n\t\t\t\t<div class=\"elementor-widget-container\">\n\t\t\t\t\t<p class=\"elementor-heading-title elementor-size-default\">Comente su caso con uno de nuestros abogados<\/p>\t\t\t\t<\/div>\n\t\t\t\t<\/div>\n\t\t\t\t<\/div>\n\t\t<div class=\"elementor-element elementor-element-61bf139 e-con-full e-flex e-con e-child\" data-id=\"61bf139\" data-element_type=\"container\" data-e-type=\"container\">\n\t\t\t\t<div class=\"elementor-element elementor-element-da6f5bc elementor-align-left elementor-widget elementor-widget-button\" data-id=\"da6f5bc\" data-element_type=\"widget\" data-e-type=\"widget\" data-widget_type=\"button.default\">\n\t\t\t\t<div class=\"elementor-widget-container\">\n\t\t\t\t\t\t\t\t\t<div class=\"elementor-button-wrapper\">\n\t\t\t\t\t<a class=\"elementor-button elementor-button-link elementor-size-sm\" href=\"#contact\">\n\t\t\t\t\t\t<span class=\"elementor-button-content-wrapper\">\n\t\t\t\t\t\t\t\t\t<span class=\"elementor-button-text\">P\u00f3ngase en contacto<\/span>\n\t\t\t\t\t<\/span>\n\t\t\t\t\t<\/a>\n\t\t\t\t<\/div>\n\t\t\t\t\t\t\t\t<\/div>\n\t\t\t\t<\/div>\n\t\t\t\t<div class=\"elementor-element elementor-element-b030d4d elementor-hidden-mobile elementor-hidden-tablet elementor-widget-divider--view-line elementor-widget elementor-widget-divider\" data-id=\"b030d4d\" data-element_type=\"widget\" data-e-type=\"widget\" data-widget_type=\"divider.default\">\n\t\t\t\t<div class=\"elementor-widget-container\">\n\t\t\t\t\t\t\t<div class=\"elementor-divider\">\n\t\t\t<span class=\"elementor-divider-separator\">\n\t\t\t\t\t\t<\/span>\n\t\t<\/div>\n\t\t\t\t\t\t<\/div>\n\t\t\t\t<\/div>\n\t\t\t\t<\/div>\n\t\t\t\t<\/div>\n\t\t\t\t<\/div>\n\t\t\t\t\t<\/div>\n\t\t\t\t<\/div>\n\t\t<div class=\"elementor-element elementor-element-8c5a719 e-flex e-con-boxed e-con e-parent\" data-id=\"8c5a719\" data-element_type=\"container\" data-e-type=\"container\" id=\"contact\">\n\t\t\t\t\t<div class=\"e-con-inner\">\n\t\t<div class=\"elementor-element elementor-element-069fe1a e-con-full e-flex e-con e-child\" data-id=\"069fe1a\" data-element_type=\"container\" data-e-type=\"container\">\n\t\t<div class=\"elementor-element elementor-element-a083b94 e-con-full e-flex e-con e-child\" data-id=\"a083b94\" data-element_type=\"container\" data-e-type=\"container\">\n\t\t<div class=\"elementor-element elementor-element-7fcc5bb e-con-full e-flex e-con e-child\" data-id=\"7fcc5bb\" data-element_type=\"container\" data-e-type=\"container\">\n\t\t\t\t<div class=\"elementor-element elementor-element-5643228 elementor-widget elementor-widget-heading\" data-id=\"5643228\" data-element_type=\"widget\" data-e-type=\"widget\" data-widget_type=\"heading.default\">\n\t\t\t\t<div class=\"elementor-widget-container\">\n\t\t\t\t\t<h2 class=\"elementor-heading-title elementor-size-default\">ESTAMOS AQU\u00cd PARA AYUDARLE<\/h2>\t\t\t\t<\/div>\n\t\t\t\t<\/div>\n\t\t\t\t<div class=\"elementor-element elementor-element-94ef264 elementor-widget elementor-widget-text-editor\" data-id=\"94ef264\" data-element_type=\"widget\" data-e-type=\"widget\" data-widget_type=\"text-editor.default\">\n\t\t\t\t<div class=\"elementor-widget-container\">\n\t\t\t\t\t\t\t\t\t<p>Si usted o un ser querido necesita ayuda con un caso de lesiones graves o de homicidio por negligencia, ll\u00e1menos o env\u00edenos un correo electr\u00f3nico para programar una consulta gratuita.<\/p>\t\t\t\t\t\t\t\t<\/div>\n\t\t\t\t<\/div>\n\t\t\t\t<\/div>\n\t\t<div class=\"elementor-element elementor-element-dcf417b e-con-full e-flex e-con e-child\" data-id=\"dcf417b\" data-element_type=\"container\" data-e-type=\"container\">\n\t\t\t\t<div class=\"elementor-element elementor-element-17b0c56 elementor-widget elementor-widget-image\" data-id=\"17b0c56\" data-element_type=\"widget\" data-e-type=\"widget\" data-widget_type=\"image.default\">\n\t\t\t\t<div class=\"elementor-widget-container\">\n\t\t\t\t\t\t\t\t\t\t\t\t\t\t\t<img decoding=\"async\" width=\"800\" height=\"800\" src=\"https:\/\/gutierrezlawfirm.com\/wp-content\/uploads\/2024\/05\/271672587_459607045613213_8238095071187566765_n-opt.jpg\" class=\"attachment-large size-large wp-image-4632\" alt=\"\" srcset=\"https:\/\/gutierrezlawfirm.com\/wp-content\/uploads\/2024\/05\/271672587_459607045613213_8238095071187566765_n-opt.jpg 1000w, https:\/\/gutierrezlawfirm.com\/wp-content\/uploads\/2024\/05\/271672587_459607045613213_8238095071187566765_n-opt-300x300.jpg 300w, https:\/\/gutierrezlawfirm.com\/wp-content\/uploads\/2024\/05\/271672587_459607045613213_8238095071187566765_n-opt-150x150.jpg 150w, https:\/\/gutierrezlawfirm.com\/wp-content\/uploads\/2024\/05\/271672587_459607045613213_8238095071187566765_n-opt-768x768.jpg 768w\" sizes=\"(max-width: 800px) 100vw, 800px\" \/>\t\t\t\t\t\t\t\t\t\t\t\t\t\t\t<\/div>\n\t\t\t\t<\/div>\n\t\t\t\t<\/div>\n\t\t\t\t<\/div>\n\t\t<div class=\"elementor-element elementor-element-a548acf e-con-full e-flex e-con e-child\" data-id=\"a548acf\" data-element_type=\"container\" data-e-type=\"container\">\n\t\t\t\t<div class=\"elementor-element elementor-element-8e6d7fe elementor-widget__width-inherit elementor-widget elementor-widget-shortcode\" data-id=\"8e6d7fe\" data-element_type=\"widget\" data-e-type=\"widget\" data-widget_type=\"shortcode.default\">\n\t\t\t\t<div class=\"elementor-widget-container\">\n\t\t\t\t\t\t\t<div class=\"elementor-shortcode\">[gravityform id=\"1\" title=\"false\"]<\/div>\n\t\t\t\t\t\t<\/div>\n\t\t\t\t<\/div>\n\t\t\t\t<\/div>\n\t\t\t\t<\/div>\n\t\t\t\t\t<\/div>\n\t\t\t\t<\/div>\n\t\t<div class=\"elementor-element elementor-element-b29be79 address-locations contact-locations e-flex e-con-boxed e-con e-parent\" data-id=\"b29be79\" data-element_type=\"container\" data-e-type=\"container\" data-settings=\"{&quot;background_background&quot;:&quot;classic&quot;}\">\n\t\t\t\t\t<div class=\"e-con-inner\">\n\t\t<div class=\"elementor-element elementor-element-cf88508 e-con-full e-flex e-con e-child\" data-id=\"cf88508\" data-element_type=\"container\" data-e-type=\"container\">\n\t\t<div class=\"elementor-element elementor-element-2f92070 e-con-full e-flex e-con e-child\" data-id=\"2f92070\" data-element_type=\"container\" data-e-type=\"container\">\n\t\t<div class=\"elementor-element elementor-element-f1bb3f7 e-con-full e-flex e-con e-child\" data-id=\"f1bb3f7\" data-element_type=\"container\" data-e-type=\"container\">\n\t\t\t\t<div class=\"elementor-element elementor-element-4211a98 elementor-widget elementor-widget-heading\" data-id=\"4211a98\" data-element_type=\"widget\" data-e-type=\"widget\" data-widget_type=\"heading.default\">\n\t\t\t\t<div class=\"elementor-widget-container\">\n\t\t\t\t\t<h2 class=\"elementor-heading-title elementor-size-default\">OFICINA DEL GRAN HOUSTON<\/h2>\t\t\t\t<\/div>\n\t\t\t\t<\/div>\n\t\t\t\t<div class=\"elementor-element elementor-element-15d2693 elementor-widget elementor-widget-html\" data-id=\"15d2693\" data-element_type=\"widget\" data-e-type=\"widget\" data-widget_type=\"html.default\">\n\t\t\t\t<div class=\"elementor-widget-container\">\n\t\t\t\t\t<address>\n    The Gutierrez Law Firm, Inc.<\/br>\n    5959 West Loop South<br>\n    Bellaire, TX 77401\n<\/address>\t\t\t\t<\/div>\n\t\t\t\t<\/div>\n\t\t\t\t<div class=\"elementor-element elementor-element-8478fea elementor-widget elementor-widget-heading\" data-id=\"8478fea\" data-element_type=\"widget\" data-e-type=\"widget\" data-widget_type=\"heading.default\">\n\t\t\t\t<div class=\"elementor-widget-container\">\n\t\t\t\t\t<div class=\"elementor-heading-title elementor-size-default\"><a href=\"tel:713-588-3300\">713-588-3300<\/a><\/div>\t\t\t\t<\/div>\n\t\t\t\t<\/div>\n\t\t<div class=\"elementor-element elementor-element-b74fb68 e-con-full e-flex e-con e-child\" data-id=\"b74fb68\" data-element_type=\"container\" data-e-type=\"container\">\n\t\t\t\t<div class=\"elementor-element elementor-element-24a5aaf elementor-widget elementor-widget-google_maps\" data-id=\"24a5aaf\" data-element_type=\"widget\" data-e-type=\"widget\" data-widget_type=\"google_maps.default\">\n\t\t\t\t<div class=\"elementor-widget-container\">\n\t\t\t\t\t\t\t<div class=\"elementor-custom-embed\">\n\t\t\t<iframe loading=\"lazy\"\n\t\t\t\t\tsrc=\"https:\/\/maps.google.com\/maps?q=The%20Guitierrez%20Law%20Firm%205959%20W%20Loop%20S%20Freeway%20%23500&#038;t=m&#038;z=12&#038;output=embed&#038;iwloc=near\"\n\t\t\t\t\ttitle=\"The Guitierrez Law Firm 5959 W Loop S Freeway #500\"\n\t\t\t\t\taria-label=\"The Guitierrez Law Firm 5959 W Loop S Freeway #500\"\n\t\t\t><\/iframe>\n\t\t<\/div>\n\t\t\t\t\t\t<\/div>\n\t\t\t\t<\/div>\n\t\t\t\t<\/div>\n\t\t\t\t<\/div>\n\t\t\t\t<\/div>\n\t\t<div class=\"elementor-element elementor-element-1bf2249 e-con-full e-flex e-con e-child\" data-id=\"1bf2249\" data-element_type=\"container\" data-e-type=\"container\">\n\t\t<div class=\"elementor-element elementor-element-4f83b05 e-con-full e-flex e-con e-child\" data-id=\"4f83b05\" data-element_type=\"container\" data-e-type=\"container\">\n\t\t\t\t<div class=\"elementor-element elementor-element-831cde1 elementor-widget elementor-widget-heading\" data-id=\"831cde1\" data-element_type=\"widget\" data-e-type=\"widget\" data-widget_type=\"heading.default\">\n\t\t\t\t<div class=\"elementor-widget-container\">\n\t\t\t\t\t<h2 class=\"elementor-heading-title elementor-size-default\">OFICINA DEL SUR DE TEXAS<\/h2>\t\t\t\t<\/div>\n\t\t\t\t<\/div>\n\t\t\t\t<div class=\"elementor-element elementor-element-1fa137a elementor-widget elementor-widget-html\" data-id=\"1fa137a\" data-element_type=\"widget\" data-e-type=\"widget\" data-widget_type=\"html.default\">\n\t\t\t\t<div class=\"elementor-widget-container\">\n\t\t\t\t\t<address>\n    The Gutierrez Law Firm, Inc.<\/br>\n    703 E 3rd St<br>\n    Alice, TX 78332\n<\/address>\t\t\t\t<\/div>\n\t\t\t\t<\/div>\n\t\t\t\t<div class=\"elementor-element elementor-element-90b73c6 elementor-widget elementor-widget-heading\" data-id=\"90b73c6\" data-element_type=\"widget\" data-e-type=\"widget\" data-widget_type=\"heading.default\">\n\t\t\t\t<div class=\"elementor-widget-container\">\n\t\t\t\t\t<div class=\"elementor-heading-title elementor-size-default\"><a href=\"tel:361-664-7377\">361-664-7377<\/a><\/div>\t\t\t\t<\/div>\n\t\t\t\t<\/div>\n\t\t<div class=\"elementor-element elementor-element-b47852d e-con-full e-flex e-con e-child\" data-id=\"b47852d\" data-element_type=\"container\" data-e-type=\"container\">\n\t\t\t\t<div class=\"elementor-element elementor-element-7405b92 elementor-widget elementor-widget-google_maps\" data-id=\"7405b92\" data-element_type=\"widget\" data-e-type=\"widget\" data-widget_type=\"google_maps.default\">\n\t\t\t\t<div class=\"elementor-widget-container\">\n\t\t\t\t\t\t\t<div class=\"elementor-custom-embed\">\n\t\t\t<iframe loading=\"lazy\"\n\t\t\t\t\tsrc=\"https:\/\/maps.google.com\/maps?q=The%20Guitierrez%20Law%20Firm%20700%20E%203rd%20St%2C%20Alice%2C%20TX&#038;t=m&#038;z=15&#038;output=embed&#038;iwloc=near\"\n\t\t\t\t\ttitle=\"The Guitierrez Law Firm 700 E 3rd St, Alice, TX\"\n\t\t\t\t\taria-label=\"The Guitierrez Law Firm 700 E 3rd St, Alice, TX\"\n\t\t\t><\/iframe>\n\t\t<\/div>\n\t\t\t\t\t\t<\/div>\n\t\t\t\t<\/div>\n\t\t\t\t<\/div>\n\t\t\t\t<\/div>\n\t\t\t\t<\/div>\n\t\t\t\t<\/div>\n\t\t\t\t\t<\/div>\n\t\t\t\t<\/div>\n\t\t\t\t<\/div>\n\t\t","protected":false},"excerpt":{"rendered":"<p>Comente su caso con uno de nuestros abogados P\u00f3ngase en contacto ESTAMOS AQU\u00cd PARA AYUDARLE Si usted o un ser querido necesita ayuda con un caso de lesiones graves o de homicidio por negligencia, ll\u00e1menos o env\u00edenos un correo electr\u00f3nico para programar una consulta gratuita. [gravityform id=\u00bb1&#8243; title=\u00bbfalse\u00bb] OFICINA DEL GRAN HOUSTON The Gutierrez Law [&hellip;]<\/p>\n","protected":false},"author":10,"featured_media":4501,"parent":0,"menu_order":0,"comment_status":"closed","ping_status":"closed","template":"","meta":{"footnotes":""},"class_list":["post-4802","page","type-page","status-publish","has-post-thumbnail","hentry"],"yoast_head":"<!-- This site is optimized with the Yoast SEO plugin v27.4 - https:\/\/yoast.com\/product\/yoast-seo-wordpress\/ -->\n<title>CONTACTENOS - The Gutierrez Law Firm Inc.<\/title>\n<meta name=\"robots\" content=\"index, follow, max-snippet:-1, max-image-preview:large, max-video-preview:-1\" \/>\n<link rel=\"canonical\" href=\"https:\/\/gutierrezlawfirm.com\/es\/contactenos\/\" \/>\n<meta property=\"og:locale\" content=\"es_ES\" \/>\n<meta property=\"og:type\" content=\"article\" \/>\n<meta property=\"og:title\" content=\"CONTACTENOS - The Gutierrez Law Firm Inc.\" \/>\n<meta property=\"og:description\" content=\"Comente su caso con uno de nuestros abogados P\u00f3ngase en contacto ESTAMOS AQU\u00cd PARA AYUDARLE Si usted o un ser querido necesita ayuda con un caso de lesiones graves o de homicidio por negligencia, ll\u00e1menos o env\u00edenos un correo electr\u00f3nico para programar una consulta gratuita. [gravityform id=\u00bb1&#8243; title=\u00bbfalse\u00bb] OFICINA DEL GRAN HOUSTON The Gutierrez Law [&hellip;]\" \/>\n<meta property=\"og:url\" content=\"https:\/\/gutierrezlawfirm.com\/es\/contactenos\/\" \/>\n<meta property=\"og:site_name\" content=\"The Gutierrez Law Firm Inc.\" \/>\n<meta property=\"article:modified_time\" content=\"2024-06-21T05:04:53+00:00\" \/>\n<meta property=\"og:image\" content=\"https:\/\/gutierrezlawfirm.com\/wp-content\/uploads\/2022\/09\/our-both-office.jpg\" \/>\n\t<meta property=\"og:image:width\" content=\"1920\" \/>\n\t<meta property=\"og:image:height\" content=\"510\" \/>\n\t<meta property=\"og:image:type\" content=\"image\/jpeg\" \/>\n<meta name=\"twitter:card\" content=\"summary_large_image\" \/>\n<meta name=\"twitter:label1\" content=\"Tiempo de lectura\" \/>\n\t<meta name=\"twitter:data1\" content=\"1 minuto\" \/>\n<script type=\"application\/ld+json\" class=\"yoast-schema-graph\">{\"@context\":\"https:\\\/\\\/schema.org\",\"@graph\":[{\"@type\":\"WebPage\",\"@id\":\"https:\\\/\\\/gutierrezlawfirm.com\\\/es\\\/contactenos\\\/\",\"url\":\"https:\\\/\\\/gutierrezlawfirm.com\\\/es\\\/contactenos\\\/\",\"name\":\"CONTACTENOS - The Gutierrez Law Firm Inc.\",\"isPartOf\":{\"@id\":\"https:\\\/\\\/gutierrezlawfirm.com\\\/es\\\/#website\"},\"primaryImageOfPage\":{\"@id\":\"https:\\\/\\\/gutierrezlawfirm.com\\\/es\\\/contactenos\\\/#primaryimage\"},\"image\":{\"@id\":\"https:\\\/\\\/gutierrezlawfirm.com\\\/es\\\/contactenos\\\/#primaryimage\"},\"thumbnailUrl\":\"https:\\\/\\\/gutierrezlawfirm.com\\\/wp-content\\\/uploads\\\/2022\\\/09\\\/our-both-office.jpg\",\"datePublished\":\"2022-05-23T05:22:13+00:00\",\"dateModified\":\"2024-06-21T05:04:53+00:00\",\"breadcrumb\":{\"@id\":\"https:\\\/\\\/gutierrezlawfirm.com\\\/es\\\/contactenos\\\/#breadcrumb\"},\"inLanguage\":\"es\",\"potentialAction\":[{\"@type\":\"ReadAction\",\"target\":[\"https:\\\/\\\/gutierrezlawfirm.com\\\/es\\\/contactenos\\\/\"]}]},{\"@type\":\"ImageObject\",\"inLanguage\":\"es\",\"@id\":\"https:\\\/\\\/gutierrezlawfirm.com\\\/es\\\/contactenos\\\/#primaryimage\",\"url\":\"https:\\\/\\\/gutierrezlawfirm.com\\\/wp-content\\\/uploads\\\/2022\\\/09\\\/our-both-office.jpg\",\"contentUrl\":\"https:\\\/\\\/gutierrezlawfirm.com\\\/wp-content\\\/uploads\\\/2022\\\/09\\\/our-both-office.jpg\",\"width\":1920,\"height\":510},{\"@type\":\"BreadcrumbList\",\"@id\":\"https:\\\/\\\/gutierrezlawfirm.com\\\/es\\\/contactenos\\\/#breadcrumb\",\"itemListElement\":[{\"@type\":\"ListItem\",\"position\":1,\"name\":\"Home\",\"item\":\"https:\\\/\\\/gutierrezlawfirm.com\\\/es\\\/\"},{\"@type\":\"ListItem\",\"position\":2,\"name\":\"CONTACTENOS\"}]},{\"@type\":\"WebSite\",\"@id\":\"https:\\\/\\\/gutierrezlawfirm.com\\\/es\\\/#website\",\"url\":\"https:\\\/\\\/gutierrezlawfirm.com\\\/es\\\/\",\"name\":\"The Gutierrez Law Firm Inc.\",\"description\":\"Texas Personal Injury Lawyers\",\"publisher\":{\"@id\":\"https:\\\/\\\/gutierrezlawfirm.com\\\/es\\\/#organization\"},\"potentialAction\":[{\"@type\":\"SearchAction\",\"target\":{\"@type\":\"EntryPoint\",\"urlTemplate\":\"https:\\\/\\\/gutierrezlawfirm.com\\\/es\\\/?s={search_term_string}\"},\"query-input\":{\"@type\":\"PropertyValueSpecification\",\"valueRequired\":true,\"valueName\":\"search_term_string\"}}],\"inLanguage\":\"es\"},{\"@type\":\"Organization\",\"@id\":\"https:\\\/\\\/gutierrezlawfirm.com\\\/es\\\/#organization\",\"name\":\"The Gutierrez Law Firm Inc.\",\"url\":\"https:\\\/\\\/gutierrezlawfirm.com\\\/es\\\/\",\"logo\":{\"@type\":\"ImageObject\",\"inLanguage\":\"es\",\"@id\":\"https:\\\/\\\/gutierrezlawfirm.com\\\/es\\\/#\\\/schema\\\/logo\\\/image\\\/\",\"url\":\"https:\\\/\\\/gutierrezlawfirm.com\\\/wp-content\\\/uploads\\\/2024\\\/03\\\/gutierrez-law-firm-logo-gold-transparent.svg\",\"contentUrl\":\"https:\\\/\\\/gutierrezlawfirm.com\\\/wp-content\\\/uploads\\\/2024\\\/03\\\/gutierrez-law-firm-logo-gold-transparent.svg\",\"width\":3000,\"height\":1184,\"caption\":\"The Gutierrez Law Firm Inc.\"},\"image\":{\"@id\":\"https:\\\/\\\/gutierrezlawfirm.com\\\/es\\\/#\\\/schema\\\/logo\\\/image\\\/\"}}]}<\/script>\n<!-- \/ Yoast SEO plugin. -->","yoast_head_json":{"title":"CONTACTENOS - The Gutierrez Law Firm Inc.","robots":{"index":"index","follow":"follow","max-snippet":"max-snippet:-1","max-image-preview":"max-image-preview:large","max-video-preview":"max-video-preview:-1"},"canonical":"https:\/\/gutierrezlawfirm.com\/es\/contactenos\/","og_locale":"es_ES","og_type":"article","og_title":"CONTACTENOS - The Gutierrez Law Firm Inc.","og_description":"Comente su caso con uno de nuestros abogados P\u00f3ngase en contacto ESTAMOS AQU\u00cd PARA AYUDARLE Si usted o un ser querido necesita ayuda con un caso de lesiones graves o de homicidio por negligencia, ll\u00e1menos o env\u00edenos un correo electr\u00f3nico para programar una consulta gratuita. [gravityform id=\u00bb1&#8243; title=\u00bbfalse\u00bb] OFICINA DEL GRAN HOUSTON The Gutierrez Law [&hellip;]","og_url":"https:\/\/gutierrezlawfirm.com\/es\/contactenos\/","og_site_name":"The Gutierrez Law Firm Inc.","article_modified_time":"2024-06-21T05:04:53+00:00","og_image":[{"width":1920,"height":510,"url":"https:\/\/gutierrezlawfirm.com\/wp-content\/uploads\/2022\/09\/our-both-office.jpg","type":"image\/jpeg"}],"twitter_card":"summary_large_image","twitter_misc":{"Tiempo de lectura":"1 minuto"},"schema":{"@context":"https:\/\/schema.org","@graph":[{"@type":"WebPage","@id":"https:\/\/gutierrezlawfirm.com\/es\/contactenos\/","url":"https:\/\/gutierrezlawfirm.com\/es\/contactenos\/","name":"CONTACTENOS - The Gutierrez Law Firm Inc.","isPartOf":{"@id":"https:\/\/gutierrezlawfirm.com\/es\/#website"},"primaryImageOfPage":{"@id":"https:\/\/gutierrezlawfirm.com\/es\/contactenos\/#primaryimage"},"image":{"@id":"https:\/\/gutierrezlawfirm.com\/es\/contactenos\/#primaryimage"},"thumbnailUrl":"https:\/\/gutierrezlawfirm.com\/wp-content\/uploads\/2022\/09\/our-both-office.jpg","datePublished":"2022-05-23T05:22:13+00:00","dateModified":"2024-06-21T05:04:53+00:00","breadcrumb":{"@id":"https:\/\/gutierrezlawfirm.com\/es\/contactenos\/#breadcrumb"},"inLanguage":"es","potentialAction":[{"@type":"ReadAction","target":["https:\/\/gutierrezlawfirm.com\/es\/contactenos\/"]}]},{"@type":"ImageObject","inLanguage":"es","@id":"https:\/\/gutierrezlawfirm.com\/es\/contactenos\/#primaryimage","url":"https:\/\/gutierrezlawfirm.com\/wp-content\/uploads\/2022\/09\/our-both-office.jpg","contentUrl":"https:\/\/gutierrezlawfirm.com\/wp-content\/uploads\/2022\/09\/our-both-office.jpg","width":1920,"height":510},{"@type":"BreadcrumbList","@id":"https:\/\/gutierrezlawfirm.com\/es\/contactenos\/#breadcrumb","itemListElement":[{"@type":"ListItem","position":1,"name":"Home","item":"https:\/\/gutierrezlawfirm.com\/es\/"},{"@type":"ListItem","position":2,"name":"CONTACTENOS"}]},{"@type":"WebSite","@id":"https:\/\/gutierrezlawfirm.com\/es\/#website","url":"https:\/\/gutierrezlawfirm.com\/es\/","name":"The Gutierrez Law Firm Inc.","description":"Texas Personal Injury Lawyers","publisher":{"@id":"https:\/\/gutierrezlawfirm.com\/es\/#organization"},"potentialAction":[{"@type":"SearchAction","target":{"@type":"EntryPoint","urlTemplate":"https:\/\/gutierrezlawfirm.com\/es\/?s={search_term_string}"},"query-input":{"@type":"PropertyValueSpecification","valueRequired":true,"valueName":"search_term_string"}}],"inLanguage":"es"},{"@type":"Organization","@id":"https:\/\/gutierrezlawfirm.com\/es\/#organization","name":"The Gutierrez Law Firm Inc.","url":"https:\/\/gutierrezlawfirm.com\/es\/","logo":{"@type":"ImageObject","inLanguage":"es","@id":"https:\/\/gutierrezlawfirm.com\/es\/#\/schema\/logo\/image\/","url":"https:\/\/gutierrezlawfirm.com\/wp-content\/uploads\/2024\/03\/gutierrez-law-firm-logo-gold-transparent.svg","contentUrl":"https:\/\/gutierrezlawfirm.com\/wp-content\/uploads\/2024\/03\/gutierrez-law-firm-logo-gold-transparent.svg","width":3000,"height":1184,"caption":"The Gutierrez Law Firm Inc."},"image":{"@id":"https:\/\/gutierrezlawfirm.com\/es\/#\/schema\/logo\/image\/"}}]}},"_links":{"self":[{"href":"https:\/\/gutierrezlawfirm.com\/es\/wp-json\/wp\/v2\/pages\/4802","targetHints":{"allow":["GET"]}}],"collection":[{"href":"https:\/\/gutierrezlawfirm.com\/es\/wp-json\/wp\/v2\/pages"}],"about":[{"href":"https:\/\/gutierrezlawfirm.com\/es\/wp-json\/wp\/v2\/types\/page"}],"author":[{"embeddable":true,"href":"https:\/\/gutierrezlawfirm.com\/es\/wp-json\/wp\/v2\/users\/10"}],"replies":[{"embeddable":true,"href":"https:\/\/gutierrezlawfirm.com\/es\/wp-json\/wp\/v2\/comments?post=4802"}],"version-history":[{"count":5,"href":"https:\/\/gutierrezlawfirm.com\/es\/wp-json\/wp\/v2\/pages\/4802\/revisions"}],"predecessor-version":[{"id":4808,"href":"https:\/\/gutierrezlawfirm.com\/es\/wp-json\/wp\/v2\/pages\/4802\/revisions\/4808"}],"wp:featuredmedia":[{"embeddable":true,"href":"https:\/\/gutierrezlawfirm.com\/es\/wp-json\/wp\/v2\/media\/4501"}],"wp:attachment":[{"href":"https:\/\/gutierrezlawfirm.com\/es\/wp-json\/wp\/v2\/media?parent=4802"}],"curies":[{"name":"wp","href":"https:\/\/api.w.org\/{rel}","templated":true}]}}