{"id":4781,"date":"2024-04-30T20:15:28","date_gmt":"2024-04-30T20:15:28","guid":{"rendered":"https:\/\/gutierrezlawfirm.com\/?page_id=4781"},"modified":"2024-06-21T04:34:06","modified_gmt":"2024-06-21T04:34:06","slug":"bellaire","status":"publish","type":"page","link":"https:\/\/gutierrezlawfirm.com\/es\/bellaire\/","title":{"rendered":"ABOGADO DE LESIONES PERSONALES EN BELLAIRE"},"content":{"rendered":"\t\t<div data-elementor-type=\"wp-page\" data-elementor-id=\"4781\" class=\"elementor elementor-4781 elementor-3874\" data-elementor-post-type=\"page\">\n\t\t\t\t<div class=\"elementor-element elementor-element-737b6841 e-flex e-con-boxed e-con e-parent\" data-id=\"737b6841\" data-element_type=\"container\" data-e-type=\"container\">\n\t\t\t\t\t<div class=\"e-con-inner\">\n\t\t\t\t<div class=\"elementor-element elementor-element-1f0f1f5d elementor-widget elementor-widget-text-editor\" data-id=\"1f0f1f5d\" data-element_type=\"widget\" data-e-type=\"widget\" data-widget_type=\"text-editor.default\">\n\t\t\t\t<div class=\"elementor-widget-container\">\n\t\t\t\t\t\t\t\t\t<p>El Bufete de Abogados Gutierrez representa a v\u00edctimas de lesiones en todo Bellaire. Cuando usted se detiene a pensar en la gran cantidad de cosas que pueden sucederle en un d\u00eda determinado, es claro que usted podr\u00eda enfrentar lesiones que le cambien la vida cuando menos se lo puede permitir. Comprender sus derechos legales es crucial. Nuestro bufete cuenta con abogados expertos en lesiones personales de Bellaire que pueden centrarse en asegurarse de que usted reciba el respeto y la atenci\u00f3n que merece. Para concertar una consulta gratuita, p\u00f3ngase en contacto con nosotros hoy mismo.<\/p><p><strong>\u00bfCu\u00e1ndo necesita un abogado?<\/strong><\/p><p>Con suerte, cualquier accidente o lesi\u00f3n que sufra ser\u00e1 relativamente leve y no requerir\u00e1 nuestra ayuda. Aun as\u00ed, como v\u00edctima de una lesi\u00f3n, tiene derecho legal a presentar una demanda por lesiones. Al mismo tiempo, enfrentarse solo a las secuelas de un accidente o lesi\u00f3n puede resultar abrumador. Aunque no es obligatorio que le representemos, podemos ayudarle de las siguientes maneras:<\/p><ul><li><strong>Investigando la causa del accidente<\/strong> &#8211; Examinaremos a fondo lo que provoc\u00f3 su accidente para establecer qui\u00e9n es el responsable.<\/li><li><strong>Reuniendo pruebas cruciales<\/strong> &#8211; Nuestro equipo le ayudar\u00e1 a recopilar historiales m\u00e9dicos, declaraciones de testigos e informes del accidente para apoyar su caso.<\/li><li><strong>Entrevistando a testigos y expertos<\/strong> &#8211; Hablaremos con testigos y consultaremos a expertos para reforzar su demanda.<\/li><li><strong>Gestionar las comunicaciones y las negociaciones<\/strong> &#8211; Nos encargaremos de todas las conversaciones con las compa\u00f1\u00edas de seguros y los abogados de la otra parte para proteger sus derechos.<\/li><li><strong>Asegurar un acuerdo justo<\/strong> &#8211; Nuestro objetivo es obtener un acuerdo justo y equitativo teniendo en cuenta el alcance de sus lesiones y p\u00e9rdidas.<\/li><\/ul><p>De nuevo, el que necesite o no un abogado depende de sus necesidades. Ciertamente es posible pasar por el proceso de reclamaci\u00f3n por su cuenta, pero corre el riesgo de no obtener lo que se le debe. Y cuando uno est\u00e1 lesionado, todo resulta m\u00e1s dif\u00edcil.<\/p><p><strong>\u00bfQu\u00e9 tipos de accidentes ocurren en Bellaire?<\/strong><\/p><p>Entender los distintos tipos de accidentes en Bellaire puede arrojar luz sobre c\u00f3mo las lesiones afectan a la vida diaria. Bellaire es una de las ciudades m\u00e1s diversas del pa\u00eds en cuanto a su entorno y actividades disponibles. Pero, por desgracia, esto tambi\u00e9n aumenta la probabilidad de accidentes. La mayor\u00eda de las veces, esto incluye:<\/p><ul><li>Accidentes de autom\u00f3vil<\/li><li>Accidentes de motocicleta<\/li><li>Accidentes de cami\u00f3n<\/li><li>Accidentes de bicicleta<\/li><li>Accidentes por resbalones y ca\u00eddas<\/li><li>Mordeduras de perro<\/li><li>Accidentes laborales<\/li><li>Accidentes de responsabilidad civil<\/li><li>Accidentes de responsabilidad por productos defectuosos<\/li><li>Abuso o negligencia en residencias de ancianos<\/li><\/ul><p>Lo que hace que accidentes como \u00e9stos sean tan dif\u00edciles es la probabilidad de que den lugar a diversos grados de lesi\u00f3n. Lo que usted mismo tendr\u00e1 que afrontar depender\u00e1 del tipo de accidente y de su estado de salud en el momento del incidente en s\u00ed, pero puede dejarle enfrent\u00e1ndose a cualquiera de los siguientes:<\/p><ul><li><strong>Latigazo cervical<\/strong> &#8211; Una lesi\u00f3n frecuente en los accidentes de autom\u00f3vil, el latigazo cervical se manifiesta como dolor de cuello, rigidez y dolores de cabeza.<\/li><li><strong>Huesos rotos<\/strong> &#8211; Los accidentes pueden provocar fracturas, que requieren escayola, intervenci\u00f3n quir\u00fargica u otras formas de tratamiento.<\/li><li><strong>Da\u00f1os musculares<\/strong> &#8211; Estas lesiones implican da\u00f1os en m\u00fasculos, tendones o ligamentos, que provocan dolor y restricci\u00f3n de movimientos.<\/li><li><strong>Lesiones craneales<\/strong> &#8211; Van desde las conmociones cerebrales hasta las lesiones cerebrales traum\u00e1ticas graves (TBI), y pueden tener repercusiones duraderas en la funci\u00f3n cognitiva.<\/li><li><strong>Lesiones en la espalda y la columna vertebral<\/strong> &#8211; Pueden provocar par\u00e1lisis o p\u00e9rdida sensorial, y a menudo requieren una amplia intervenci\u00f3n m\u00e9dica y rehabilitaci\u00f3n.<\/li><li><strong>Cortes y hematomas<\/strong> &#8211; Aunque aparentemente son leves, los cortes y hematomas profundos pueden provocar infecciones o indicar un traumatismo interno m\u00e1s grave.<\/li><li><strong>Trauma psicol\u00f3gico y emocional<\/strong> &#8211; Los accidentes pueden desencadenar angustia emocional, que puede dar lugar a afecciones como ansiedad, depresi\u00f3n o trastorno por estr\u00e9s postraum\u00e1tico (TEPT).<\/li><li><strong>Quemaduras<\/strong> &#8211; En incidentes relacionados con incendios o exposici\u00f3n a sustancias qu\u00edmicas, las quemaduras pueden ser graves y requerir atenci\u00f3n m\u00e9dica especializada.<\/li><li><strong>Da\u00f1os en \u00f3rganos internos<\/strong> &#8211; Estas lesiones pueden no ser inmediatamente aparentes pero pueden poner en peligro la vida, incluyendo da\u00f1os en \u00f3rganos o hemorragias internas.<\/li><li><strong>Esguinces y distensiones<\/strong> &#8211; Las lesiones musculares pueden causar esguinces o distensiones, que provocan malestar y disminuci\u00f3n de la movilidad.<\/li><li><strong>P\u00e9rdida de extremidades<\/strong> &#8211; Los accidentes graves pueden provocar la amputaci\u00f3n de extremidades, lo que requiere cuidados m\u00e9dicos especializados y rehabilitaci\u00f3n.<\/li><li><strong>Cicatrices y desfiguraci\u00f3n<\/strong> &#8211; Algunos accidentes provocan cicatrices o desfiguraci\u00f3n permanentes, que pueden tener repercusiones tanto f\u00edsicas como emocionales.<\/li><\/ul><p><strong>\u00bfQu\u00e9 pasos debe dar tras un accidente?<\/strong><\/p><p>Despu\u00e9s de un accidente, es crucial tomar medidas espec\u00edficas para garantizar su seguridad y tratar cualquier lesi\u00f3n con prontitud. Si sus lesiones son graves, puede ser necesario tomar medidas adicionales para salvaguardar su bienestar y reforzar cualquier posible reclamaci\u00f3n. He aqu\u00ed una gu\u00eda sobre qu\u00e9 hacer si resulta herido en un accidente:<\/p><ul><li><strong>Mantenga la calma <\/strong>&#8211; Es natural sentirse abrumado, pero intente mantener la calma en la medida de lo posible. Respire hondo unas cuantas veces para serenarse.<\/li><li><strong>Eval\u00fae la situaci\u00f3n <\/strong>&#8211; Compruebe si tanto usted como las dem\u00e1s personas implicadas en el accidente presentan lesiones. Si alguien est\u00e1 gravemente herido, llame inmediatamente a una ambulancia.<\/li><li><strong>P\u00f3ngase a salvo<\/strong> &#8211; Si puede hacerlo sin peligro, mu\u00e9vase a s\u00ed mismo y a los dem\u00e1s fuera de peligro. Sin embargo, si moverse puede empeorar las lesiones, es mejor quedarse donde est\u00e1 hasta que llegue la ayuda.<\/li><li><strong>Obtenga atenci\u00f3n m\u00e9dica<\/strong> &#8211; Su salud es la m\u00e1xima prioridad. Busque atenci\u00f3n m\u00e9dica en el lugar de los hechos y despu\u00e9s en un hospital o en un centro de urgencias. Esto se ocupar\u00e1 de cualquier lesi\u00f3n inmediata y evitar\u00e1 que empeore.<\/li><li><strong>Informe del accidente<\/strong> &#8211; Si es posible, informe a las fuerzas de seguridad o a las autoridades locales sobre el accidente y espere a que lleguen al lugar.<\/li><li><strong>Re\u00fana toda la informaci\u00f3n posible<\/strong> &#8211; Dependiendo de las circunstancias, necesitar\u00e1 obtener informaci\u00f3n de cualquier otra persona implicada. Anote todos los detalles, como d\u00f3nde y cu\u00e1ndo ocurri\u00f3 el accidente, informaci\u00f3n sobre el veh\u00edculo, informaci\u00f3n sobre el producto y cualquier otra cosa que pueda ayudarle.<\/li><li><strong>Conserve las pruebas<\/strong> &#8211; Si sus objetos personales han resultado da\u00f1ados, no los repare ni los sustituya. Adem\u00e1s, intente hacer fotos o v\u00eddeos del lugar del accidente, incluidas las lesiones visibles y las causas.<\/li><li><strong>Siga su plan de tratamiento<\/strong> &#8211; Siga los consejos de los profesionales sanitarios y acuda a todas las citas de seguimiento programadas. No seguir su tratamiento podr\u00eda poner en peligro su salud y afectar potencialmente a su reclamaci\u00f3n.<\/li><\/ul><p>Obviamente, cada accidente es diferente. As\u00ed que, dependiendo de las circunstancias, algunos de estos pasos no ser\u00e1n necesarios. Sin embargo, tomando estas medidas, puede salvaguardar no s\u00f3lo su salud y seguridad, sino su posible reclamaci\u00f3n.<\/p><p><strong>\u00bfCu\u00e1l es el proceso de reclamaci\u00f3n tras un accidente?<\/strong><\/p><p>Cada caso de lesiones personales en Bellaire tiene su propio proceso \u00fanico, y no hay dos que sigan caminos id\u00e9nticos. Dicho esto, tiene dos opciones legales b\u00e1sicas para presentar su reclamaci\u00f3n por lesiones: una reclamaci\u00f3n al seguro o una demanda por lesiones personales. A menudo, el proceso se inicia con una reclamaci\u00f3n al seguro, escalando potencialmente a una demanda basada en los detalles espec\u00edficos del caso. He aqu\u00ed una visi\u00f3n general:<\/p><ul><li><strong>Reclamaciones al seguro<\/strong> &#8211; Cuando un accidente causa lesiones, interviene la compa\u00f1\u00eda de seguros de la parte culpable. Investigan la reclamaci\u00f3n y proponen un acuerdo basado en su evaluaci\u00f3n. Optar por un acuerdo extrajudicial puede ofrecer ventajas como la reducci\u00f3n de gastos y un acceso m\u00e1s r\u00e1pido a los fondos del acuerdo. Sin embargo, los inconvenientes suelen incluir posibles retrasos y ofertas de acuerdo a la baja.<\/li><li><strong>Demanda<\/strong> &#8211; Optar por una demanda por lesiones personales implica llevar su caso a los tribunales. Aunque esta v\u00eda suele llevar m\u00e1s tiempo, ofrece la posibilidad de obtener mayores cantidades por \u00abda\u00f1os y perjuicios\u00bb en un veredicto o acuerdo. Durante el litigio, usted tendr\u00e1 un papel m\u00e1s activo, mientras nuestro equipo gestiona tareas como presentar documentos legales, responder a solicitudes de pruebas y negociar con los abogados de la parte contraria. Nuestro objetivo es conseguir un acuerdo justo, pero si es necesario, prepararemos su caso para el juicio.<\/li><\/ul><p><strong>Da\u00f1os y perjuicios<\/strong><\/p><p>El objetivo principal de presentar una demanda por lesiones es recuperar una ayuda econ\u00f3mica conforme a la ley, com\u00fanmente denominada \u00abda\u00f1os y perjuicios\u00bb. Esto suele cubrir cosas como:<\/p><ul><li><strong>Gastos m\u00e9dicos<\/strong> &#8211; Una gran parte de sus da\u00f1os gira en torno a sus gastos m\u00e9dicos, cubriendo los costes del tratamiento m\u00e9dico y los cuidados continuados.<\/li><li><strong>Salarios perdidos<\/strong> &#8211; Esto cubre cualquier ingreso perdido debido a la lesi\u00f3n, incluyendo el potencial de ingresos futuros.<\/li><li><strong>Da\u00f1os materiales<\/strong> &#8211; Cubren cualquier coste de reparaci\u00f3n o sustituci\u00f3n de los bienes da\u00f1ados, desde veh\u00edculos a objetos personales como su tel\u00e9fono.<\/li><li><strong>Dolor y sufrimiento<\/strong> &#8211; Esta categor\u00eda cubre el dolor f\u00edsico y las molestias derivadas de la lesi\u00f3n.<\/li><li><strong>Angustia emocional<\/strong> &#8211; Cubren el trauma psicol\u00f3gico o emocional derivado del accidente.<\/li><li><strong>P\u00e9rdida del disfrute de la vida<\/strong> &#8211; Suponen un cambio o reducci\u00f3n de su calidad de vida, concretamente de las actividades que antes disfrutaba.<\/li><li><strong>P\u00e9rdida de compa\u00f1\u00eda<\/strong> &#8211; Estas contemplan consideraciones financieras por las relaciones tensas y la p\u00e9rdida de apoyo de sus seres queridos.<\/li><\/ul><p>Lo que usted pueda recuperar en \u00faltima instancia depende de algunas cosas, como lo lesionado que est\u00e9 y lo responsable que sea la otra parte. Tambi\u00e9n va a depender de lo bien que presente su caso, en lo que nuestro equipo tiene una amplia experiencia y un historial de \u00e9xitos. Y lo que es m\u00e1s importante, tiene que presentar su demanda dentro del plazo de prescripci\u00f3n de Texas, que actualmente es de dos a\u00f1os a partir de la fecha del accidente.<\/p><p><strong>\u00bfQui\u00e9n paga sus da\u00f1os?<\/strong><\/p><p>Otra parte importante de su reclamaci\u00f3n es determinar la responsabilidad. Este es el t\u00e9rmino legal para la responsabilidad legal de pagar por sus da\u00f1os. Esto, como la mayor\u00eda de los otros aspectos de su reclamaci\u00f3n, va a depender de las circunstancias. Sin embargo, la responsabilidad se determina estableciendo la \u00abnegligencia\u00bb. Esto se consigue demostrando<\/p><ul><li><strong>Deber de cuidado <\/strong>&#8211; Esto significa la responsabilidad legal que una persona tiene hacia otra de ser cuidadosa en lo que hace. Por ejemplo, los conductores deben conducir de forma segura para evitar da\u00f1ar a otros en la carretera.<\/li><li><strong>Incumplimiento del deber <\/strong>&#8211; Esto ocurre cuando alguien no cumple con el nivel de cuidado esperado en una situaci\u00f3n. Puede incluir cosas como conducir de forma temeraria, no seguir las normas de seguridad o no mantener a salvo la propiedad.<\/li><li><strong>Causalidad<\/strong> &#8211; En los casos de negligencia, hay que pensar en dos tipos de causalidad: la causa de hecho (lo que realmente caus\u00f3 el da\u00f1o) y la causa pr\u00f3xima (lo que legalmente caus\u00f3 el da\u00f1o). Causa de hecho significa que las acciones de la otra parte provocaron directamente sus lesiones. Causa pr\u00f3xima significa que sus acciones eran algo que cab\u00eda esperar que causaran da\u00f1os.<\/li><li><strong>Da\u00f1os<\/strong> &#8211; Por \u00faltimo, para demostrar la negligencia, tiene que demostrar que ha sufrido lesiones o da\u00f1os de alg\u00fan tipo. Esto implica mostrar pruebas m\u00e9dicas, as\u00ed como cosas como recibos, estimaciones de reparaciones o incluso registros de atenci\u00f3n mental o psicol\u00f3gica.<\/li><\/ul><p>Una vez establecido esto, puede pensar contra qui\u00e9n ser\u00e1 exactamente su reclamaci\u00f3n. Por lo general, ser\u00e1 contra<\/p><ul><li>Otros conductores<\/li><li>Ciudadanos particulares<\/li><li>Peatones o pasajeros<\/li><li>Propietarios o gestores<\/li><li>Fabricantes de productos<\/li><li>Gobiernos locales<\/li><\/ul><p><strong>Preguntas frecuentes<\/strong><\/p><p><strong>\u00bfDe cu\u00e1nto tiempo dispone para presentar una demanda por lesiones personales en Bellaire?<\/strong><\/p><p>Dos a\u00f1os a partir de la fecha del accidente. Este es el estatuto de limitaciones de Texas para reclamaciones por lesiones. Si se le pasa este plazo, no podr\u00e1 presentar una reclamaci\u00f3n.<\/p><p>\u00a0<\/p><p><strong>\u00bfPuede presentar una demanda por lesiones personales en nombre de otra persona?<\/strong><\/p><p>Depende de las circunstancias, pero si usted es el padre o tutor legal de otra persona, puede presentar su demanda en su nombre.<\/p><p>\u00a0<\/p><p><strong>\u00bfC\u00f3mo se calculan los da\u00f1os?<\/strong><\/p><p>Los da\u00f1os se calculan mirando la extensi\u00f3n de sus lesiones, qui\u00e9n es exactamente responsable, e incluso cu\u00e1nta culpa usted comparte en el accidente.<\/p><p><strong>Contacte al Bufete Gutierrez Despues de un Accidente en Bellaire<\/strong><\/p><p>A trav\u00e9s de los a\u00f1os, nuestro equipo de abogados de lesiones personales de Bellaire en La Firma Guti\u00e9rrez ha estado ayudando a personas que han sido lesionadas en todo tipo de accidentes. Con nuestra experiencia y dedicaci\u00f3n, podemos asegurarnos de que usted obtenga el apoyo que necesita. M\u00e1s que eso, estaremos con usted en cada paso del camino, para que pueda concentrarse en recuperarse.<\/p><p>Si usted o un ser querido ha resultado herido en Bellaire, no espere. P\u00f3ngase en contacto con nosotros hoy mismo para una consulta gratuita.<\/p>\t\t\t\t\t\t\t\t<\/div>\n\t\t\t\t<\/div>\n\t\t\t\t\t<\/div>\n\t\t\t\t<\/div>\n\t\t\t\t<\/div>\n\t\t","protected":false},"excerpt":{"rendered":"<p>El Bufete de Abogados Gutierrez representa a v\u00edctimas de lesiones en todo Bellaire. Cuando usted se detiene a pensar en la gran cantidad de cosas que pueden sucederle en un d\u00eda determinado, es claro que usted podr\u00eda enfrentar lesiones que le cambien la vida cuando menos se lo puede permitir. Comprender sus derechos legales es [&hellip;]<\/p>\n","protected":false},"author":10,"featured_media":0,"parent":0,"menu_order":0,"comment_status":"closed","ping_status":"closed","template":"","meta":{"footnotes":""},"class_list":["post-4781","page","type-page","status-publish","hentry"],"yoast_head":"<!-- This site is optimized with the Yoast SEO plugin v27.3 - https:\/\/yoast.com\/product\/yoast-seo-wordpress\/ -->\n<title>ABOGADO DE LESIONES PERSONALES EN BELLAIRE - The Gutierrez Law Firm Inc.<\/title>\n<meta name=\"robots\" content=\"index, follow, max-snippet:-1, max-image-preview:large, max-video-preview:-1\" \/>\n<link rel=\"canonical\" href=\"https:\/\/gutierrezlawfirm.com\/es\/bellaire\/\" \/>\n<meta property=\"og:locale\" content=\"es_ES\" \/>\n<meta property=\"og:type\" content=\"article\" \/>\n<meta property=\"og:title\" content=\"ABOGADO DE LESIONES PERSONALES EN BELLAIRE - The Gutierrez Law Firm Inc.\" \/>\n<meta property=\"og:description\" content=\"El Bufete de Abogados Gutierrez representa a v\u00edctimas de lesiones en todo Bellaire. Cuando usted se detiene a pensar en la gran cantidad de cosas que pueden sucederle en un d\u00eda determinado, es claro que usted podr\u00eda enfrentar lesiones que le cambien la vida cuando menos se lo puede permitir. Comprender sus derechos legales es [&hellip;]\" \/>\n<meta property=\"og:url\" content=\"https:\/\/gutierrezlawfirm.com\/es\/bellaire\/\" \/>\n<meta property=\"og:site_name\" content=\"The Gutierrez Law Firm Inc.\" \/>\n<meta property=\"article:modified_time\" content=\"2024-06-21T04:34:06+00:00\" \/>\n<meta name=\"twitter:card\" content=\"summary_large_image\" \/>\n<meta name=\"twitter:label1\" content=\"Tiempo de lectura\" \/>\n\t<meta name=\"twitter:data1\" content=\"10 minutos\" \/>\n<script type=\"application\/ld+json\" class=\"yoast-schema-graph\">{\"@context\":\"https:\\\/\\\/schema.org\",\"@graph\":[{\"@type\":\"WebPage\",\"@id\":\"https:\\\/\\\/gutierrezlawfirm.com\\\/es\\\/bellaire\\\/\",\"url\":\"https:\\\/\\\/gutierrezlawfirm.com\\\/es\\\/bellaire\\\/\",\"name\":\"ABOGADO DE LESIONES PERSONALES EN BELLAIRE - The Gutierrez Law Firm Inc.\",\"isPartOf\":{\"@id\":\"https:\\\/\\\/gutierrezlawfirm.com\\\/es\\\/#website\"},\"datePublished\":\"2024-04-30T20:15:28+00:00\",\"dateModified\":\"2024-06-21T04:34:06+00:00\",\"breadcrumb\":{\"@id\":\"https:\\\/\\\/gutierrezlawfirm.com\\\/es\\\/bellaire\\\/#breadcrumb\"},\"inLanguage\":\"es\",\"potentialAction\":[{\"@type\":\"ReadAction\",\"target\":[\"https:\\\/\\\/gutierrezlawfirm.com\\\/es\\\/bellaire\\\/\"]}]},{\"@type\":\"BreadcrumbList\",\"@id\":\"https:\\\/\\\/gutierrezlawfirm.com\\\/es\\\/bellaire\\\/#breadcrumb\",\"itemListElement\":[{\"@type\":\"ListItem\",\"position\":1,\"name\":\"Home\",\"item\":\"https:\\\/\\\/gutierrezlawfirm.com\\\/es\\\/\"},{\"@type\":\"ListItem\",\"position\":2,\"name\":\"ABOGADO DE LESIONES PERSONALES EN BELLAIRE\"}]},{\"@type\":\"WebSite\",\"@id\":\"https:\\\/\\\/gutierrezlawfirm.com\\\/es\\\/#website\",\"url\":\"https:\\\/\\\/gutierrezlawfirm.com\\\/es\\\/\",\"name\":\"The Gutierrez Law Firm Inc.\",\"description\":\"Texas Personal Injury Lawyers\",\"publisher\":{\"@id\":\"https:\\\/\\\/gutierrezlawfirm.com\\\/es\\\/#organization\"},\"potentialAction\":[{\"@type\":\"SearchAction\",\"target\":{\"@type\":\"EntryPoint\",\"urlTemplate\":\"https:\\\/\\\/gutierrezlawfirm.com\\\/es\\\/?s={search_term_string}\"},\"query-input\":{\"@type\":\"PropertyValueSpecification\",\"valueRequired\":true,\"valueName\":\"search_term_string\"}}],\"inLanguage\":\"es\"},{\"@type\":\"Organization\",\"@id\":\"https:\\\/\\\/gutierrezlawfirm.com\\\/es\\\/#organization\",\"name\":\"The Gutierrez Law Firm Inc.\",\"url\":\"https:\\\/\\\/gutierrezlawfirm.com\\\/es\\\/\",\"logo\":{\"@type\":\"ImageObject\",\"inLanguage\":\"es\",\"@id\":\"https:\\\/\\\/gutierrezlawfirm.com\\\/es\\\/#\\\/schema\\\/logo\\\/image\\\/\",\"url\":\"https:\\\/\\\/gutierrezlawfirm.com\\\/wp-content\\\/uploads\\\/2024\\\/03\\\/gutierrez-law-firm-logo-gold-transparent.svg\",\"contentUrl\":\"https:\\\/\\\/gutierrezlawfirm.com\\\/wp-content\\\/uploads\\\/2024\\\/03\\\/gutierrez-law-firm-logo-gold-transparent.svg\",\"width\":3000,\"height\":1184,\"caption\":\"The Gutierrez Law Firm Inc.\"},\"image\":{\"@id\":\"https:\\\/\\\/gutierrezlawfirm.com\\\/es\\\/#\\\/schema\\\/logo\\\/image\\\/\"}}]}<\/script>\n<!-- \/ Yoast SEO plugin. -->","yoast_head_json":{"title":"ABOGADO DE LESIONES PERSONALES EN BELLAIRE - The Gutierrez Law Firm Inc.","robots":{"index":"index","follow":"follow","max-snippet":"max-snippet:-1","max-image-preview":"max-image-preview:large","max-video-preview":"max-video-preview:-1"},"canonical":"https:\/\/gutierrezlawfirm.com\/es\/bellaire\/","og_locale":"es_ES","og_type":"article","og_title":"ABOGADO DE LESIONES PERSONALES EN BELLAIRE - The Gutierrez Law Firm Inc.","og_description":"El Bufete de Abogados Gutierrez representa a v\u00edctimas de lesiones en todo Bellaire. Cuando usted se detiene a pensar en la gran cantidad de cosas que pueden sucederle en un d\u00eda determinado, es claro que usted podr\u00eda enfrentar lesiones que le cambien la vida cuando menos se lo puede permitir. Comprender sus derechos legales es [&hellip;]","og_url":"https:\/\/gutierrezlawfirm.com\/es\/bellaire\/","og_site_name":"The Gutierrez Law Firm Inc.","article_modified_time":"2024-06-21T04:34:06+00:00","twitter_card":"summary_large_image","twitter_misc":{"Tiempo de lectura":"10 minutos"},"schema":{"@context":"https:\/\/schema.org","@graph":[{"@type":"WebPage","@id":"https:\/\/gutierrezlawfirm.com\/es\/bellaire\/","url":"https:\/\/gutierrezlawfirm.com\/es\/bellaire\/","name":"ABOGADO DE LESIONES PERSONALES EN BELLAIRE - The Gutierrez Law Firm Inc.","isPartOf":{"@id":"https:\/\/gutierrezlawfirm.com\/es\/#website"},"datePublished":"2024-04-30T20:15:28+00:00","dateModified":"2024-06-21T04:34:06+00:00","breadcrumb":{"@id":"https:\/\/gutierrezlawfirm.com\/es\/bellaire\/#breadcrumb"},"inLanguage":"es","potentialAction":[{"@type":"ReadAction","target":["https:\/\/gutierrezlawfirm.com\/es\/bellaire\/"]}]},{"@type":"BreadcrumbList","@id":"https:\/\/gutierrezlawfirm.com\/es\/bellaire\/#breadcrumb","itemListElement":[{"@type":"ListItem","position":1,"name":"Home","item":"https:\/\/gutierrezlawfirm.com\/es\/"},{"@type":"ListItem","position":2,"name":"ABOGADO DE LESIONES PERSONALES EN BELLAIRE"}]},{"@type":"WebSite","@id":"https:\/\/gutierrezlawfirm.com\/es\/#website","url":"https:\/\/gutierrezlawfirm.com\/es\/","name":"The Gutierrez Law Firm Inc.","description":"Texas Personal Injury Lawyers","publisher":{"@id":"https:\/\/gutierrezlawfirm.com\/es\/#organization"},"potentialAction":[{"@type":"SearchAction","target":{"@type":"EntryPoint","urlTemplate":"https:\/\/gutierrezlawfirm.com\/es\/?s={search_term_string}"},"query-input":{"@type":"PropertyValueSpecification","valueRequired":true,"valueName":"search_term_string"}}],"inLanguage":"es"},{"@type":"Organization","@id":"https:\/\/gutierrezlawfirm.com\/es\/#organization","name":"The Gutierrez Law Firm Inc.","url":"https:\/\/gutierrezlawfirm.com\/es\/","logo":{"@type":"ImageObject","inLanguage":"es","@id":"https:\/\/gutierrezlawfirm.com\/es\/#\/schema\/logo\/image\/","url":"https:\/\/gutierrezlawfirm.com\/wp-content\/uploads\/2024\/03\/gutierrez-law-firm-logo-gold-transparent.svg","contentUrl":"https:\/\/gutierrezlawfirm.com\/wp-content\/uploads\/2024\/03\/gutierrez-law-firm-logo-gold-transparent.svg","width":3000,"height":1184,"caption":"The Gutierrez Law Firm Inc."},"image":{"@id":"https:\/\/gutierrezlawfirm.com\/es\/#\/schema\/logo\/image\/"}}]}},"_links":{"self":[{"href":"https:\/\/gutierrezlawfirm.com\/es\/wp-json\/wp\/v2\/pages\/4781","targetHints":{"allow":["GET"]}}],"collection":[{"href":"https:\/\/gutierrezlawfirm.com\/es\/wp-json\/wp\/v2\/pages"}],"about":[{"href":"https:\/\/gutierrezlawfirm.com\/es\/wp-json\/wp\/v2\/types\/page"}],"author":[{"embeddable":true,"href":"https:\/\/gutierrezlawfirm.com\/es\/wp-json\/wp\/v2\/users\/10"}],"replies":[{"embeddable":true,"href":"https:\/\/gutierrezlawfirm.com\/es\/wp-json\/wp\/v2\/comments?post=4781"}],"version-history":[{"count":4,"href":"https:\/\/gutierrezlawfirm.com\/es\/wp-json\/wp\/v2\/pages\/4781\/revisions"}],"predecessor-version":[{"id":4786,"href":"https:\/\/gutierrezlawfirm.com\/es\/wp-json\/wp\/v2\/pages\/4781\/revisions\/4786"}],"wp:attachment":[{"href":"https:\/\/gutierrezlawfirm.com\/es\/wp-json\/wp\/v2\/media?parent=4781"}],"curies":[{"name":"wp","href":"https:\/\/api.w.org\/{rel}","templated":true}]}}