{"id":4774,"date":"2022-06-09T10:42:06","date_gmt":"2022-06-09T10:42:06","guid":{"rendered":"https:\/\/gutierrezlawfirm.com\/?page_id=4774"},"modified":"2024-06-21T04:27:56","modified_gmt":"2024-06-21T04:27:56","slug":"abogado-de-accidentes-de-automovil","status":"publish","type":"page","link":"https:\/\/gutierrezlawfirm.com\/es\/abogado-de-lesiones-personales-de-alice\/abogado-de-accidentes-de-automovil\/","title":{"rendered":"ABOGADO DE ACCIDENTES DE AUTOM\u00d3VIL EN ALICE"},"content":{"rendered":"<p>Las v\u00edctimas suelen tener muchas preguntas despu\u00e9s de un accidente de autom\u00f3vil. Si su accidente fue causado por la negligencia de otro conductor, \u00e9ste puede ser responsable de los da\u00f1os resultantes. En las carreteras, incluso un acto de negligencia aparentemente menor puede causar un accidente grave y lesiones serias. Llame al Bufete Guti\u00e9rrez para hablar con abogados con experiencia en el manejo de accidentes de autom\u00f3vil y las lesiones resultantes.<\/p>\n<p><strong>Causas de accidentes autom\u00f3vil<\/strong><\/p>\n<p>Las causas de accidentes de autom\u00f3vil en Alice y en otras partes de Texas pueden incluir:<\/p>\n<ul>\n<li>Conducci\u00f3n distra\u00edda &#8211; enviar mensajes de texto, hablar por tel\u00e9fono, etc.<\/li>\n<li>Conducir bajo los efectos del alcohol o las drogas<\/li>\n<li>No ceder el paso<\/li>\n<li>No respetar las se\u00f1ales de tr\u00e1fico<\/li>\n<li>Exceso de velocidad<\/li>\n<li>Conducci\u00f3n temeraria o agresiva<\/li>\n<li>No utilizar los intermitentes y otros indicadores<\/li>\n<\/ul>\n<p>Los coches de segunda mano o de alquiler, que a menudo no est\u00e1n actualizados por problemas de retirada del mercado que pueden provocar accidentes y lesiones, entra\u00f1an peligros adicionales.<\/p>\n<p><strong>Lesiones tras un accidente<\/strong><\/p>\n<p>El impacto de un choque puede causar una amplia gama de lesiones, entre las que se incluyen:<\/p>\n<ul>\n<li>Huesos rotos<\/li>\n<li>Laceraciones<\/li>\n<li>Lesiones en la columna vertebral<\/li>\n<li>Traumatismos craneales<\/li>\n<li>Lesiones craneales<\/li>\n<li>Lesiones cerebrales<\/li>\n<li>Latigazo cervical<\/li>\n<li>Lesiones en los tejidos blandos<\/li>\n<li>Lesiones faciales por impacto con el salpicadero, el volante o los airbags<\/li>\n<li>Quemaduras, incluidas las causadas por airbags<\/li>\n<\/ul>\n<p>Estas lesiones pueden acarrear costes abrumadores, como la atenci\u00f3n m\u00e9dica, los salarios perdidos por faltar al trabajo y la rehabilitaci\u00f3n. Si ha sufrido lesiones graves, las compa\u00f1\u00edas de seguros pueden ofrecerle una cantidad para cerrar su reclamaci\u00f3n. Esta cantidad puede parecer elevada, pero recuerde que cualquier cantidad que reciba debe cubrir sus gastos a largo y corto plazo. Si las lesiones requieren cuidados prolongados, como cirug\u00eda, medicamentos, fisioterapia o equipo m\u00e9dico como una silla de ruedas, sus costes pueden sumar r\u00e1pidamente m\u00e1s que la cantidad de liquidaci\u00f3n ofrecida. Un abogado especializado en accidentes de autom\u00f3vil en Alice puede ayudarle a determinar qu\u00e9 cantidad cubrir\u00e1 realmente todos los gastos incurridos como consecuencia de la negligencia del otro conductor, o tras un accidente de un solo veh\u00edculo ocurrido como consecuencia de una negligencia ajena.<\/p>\n<p><strong>\u00bfQu\u00e9 da\u00f1os y perjuicios se pueden obtener en una indemnizaci\u00f3n por accidente de autom\u00f3vil?<\/strong><\/p>\n<p>Los da\u00f1os a su veh\u00edculo, las lesiones personales y la p\u00e9rdida de salarios pueden acumularse en las semanas y meses posteriores a un accidente de autom\u00f3vil. Intentar negociar una indemnizaci\u00f3n por accidente de autom\u00f3vil con su compa\u00f1\u00eda de seguros puede ser un proceso frustrante y estresante. \u00bfA qu\u00e9 indemnizaciones tiene derecho tras un accidente? Este desglose sobre el proceso de indemnizaci\u00f3n por accidente de autom\u00f3vil le ayudar\u00e1 a explicar c\u00f3mo funciona la indemnizaci\u00f3n por accidente y c\u00f3mo puede ayudarle nuestro equipo de abogados especializados en accidentes de autom\u00f3vil.<\/p>\n<p>Hay cuatro tipos de reembolso a tener en cuenta en un caso de indemnizaci\u00f3n por accidente de autom\u00f3vil. La mayor\u00eda de los conductores consideran los da\u00f1os al coche y las lesiones propias como las dos categor\u00edas principales. Sin embargo, el dolor y el sufrimiento junto con los salarios perdidos tambi\u00e9n deben tenerse en cuenta a la hora de calcular la indemnizaci\u00f3n por accidente de autom\u00f3vil.<\/p>\n<ul>\n<li><strong>Gastos m\u00e9dicos<\/strong>. Engloba todos los gastos derivados del accidente. Incluye los desplazamientos en ambulancia, los cuidados de urgencia, las citas de seguimiento y las visitas a especialistas. El c\u00e1lculo de los gastos m\u00e9dicos debe incluir tambi\u00e9n las previsiones para cuidados a largo plazo y rehabilitaci\u00f3n.<\/li>\n<li><strong>Da\u00f1os materiales<\/strong>. Son los da\u00f1os sufridos por su veh\u00edculo e incluyen la reparaci\u00f3n de la carrocer\u00eda, la pintura y la mec\u00e1nica. Todo lo que se haga para devolver su veh\u00edculo al estado anterior al accidente.<\/li>\n<li><strong>P\u00e9rdida de salarios<\/strong>. \u00bfEl accidente le ha supuesto una baja laboral? Si es as\u00ed, los salarios perdidos deben incluirse como parte de su indemnizaci\u00f3n por accidente. Los salarios perdidos incluyen los salarios futuros que no se puedan ganar a causa del accidente. Si no puede reanudar el mismo nivel de destreza y trabajo, esto repercutir\u00e1 en sus ingresos futuros.<\/li>\n<li><strong>Dolor y sufrimiento<\/strong>. Definidos como la angustia f\u00edsica y mental derivada de un accidente, pueden ir desde da\u00f1os emocionales hasta estr\u00e9s y ansiedad.<\/li>\n<\/ul>\n<p>Negociar con las compa\u00f1\u00edas de seguros puede ser dif\u00edcil, e intentar\u00e1n pagar la menor cantidad posible en concepto de indemnizaci\u00f3n por accidente de autom\u00f3vil. Cuando usted ha sufrido un accidente de autom\u00f3vil y est\u00e1 sufriendo f\u00edsica y econ\u00f3micamente, puede ser tentador aceptar lo que le ofrece la compa\u00f1\u00eda de seguros.<\/p>\n<p>Contar con un abogado con experiencia en casos de Alice para que luche en su nombre puede dar como resultado la obtenci\u00f3n de la indemnizaci\u00f3n completa por accidente de autom\u00f3vil que le corresponde.<\/p>\n<p>\u00a0<\/p>\n<p><strong>Documente detalladamente su accidente<\/strong><\/p>\n<p>Los casos de indemnizaci\u00f3n por accidente se libran en el campo de batalla de los detalles. Cuanta m\u00e1s informaci\u00f3n, m\u00e1s posibilidades tendr\u00e1 de combatir una oferta a la baja del seguro. La documentaci\u00f3n de su caso de accidente debe incluir<\/p>\n<ul>\n<li>Informes policiales<\/li>\n<li>Presupuestos de da\u00f1os del autom\u00f3vil<\/li>\n<li>Registros de empleo perdidos<\/li>\n<li>Gastos m\u00e9dicos y diagn\u00f3stico<\/li>\n<li>Planes de tratamiento m\u00e9dico<\/li>\n<\/ul>\n<p>Conserve todo el papeleo y la documentaci\u00f3n y mant\u00e9ngala veraz. Cualquier intento de crear documentos falsos o falsificados s\u00f3lo perjudicar\u00e1 sus posibilidades de \u00e9xito.<\/p>\n<p>La indemnizaci\u00f3n por accidente de autom\u00f3vil se complica porque las compa\u00f1\u00edas de seguros intentan ofrecer las cantidades de reclamaci\u00f3n m\u00e1s bajas posibles. Evite saltar a la primera oferta, y t\u00f3mese el tiempo para contactar a los abogados de accidentes del Bufete Guti\u00e9rrez y obtenga ayuda hoy.<\/p>\n<p><strong>Busque asesor\u00eda legal de un abogado de accidentes de autom\u00f3vil en Alice<\/strong><\/p>\n<p>Los abogados de accidentes de autom\u00f3vil en Alice del bufete de abogados Gutierrez Law Firm tienen a\u00f1os de experiencia en la b\u00fasqueda de compensaci\u00f3n para aquellos que han sido perjudicados por la conducci\u00f3n negligente de otro. No importa la magnitud de sus lesiones, podemos analizar su situaci\u00f3n y ayudarle a determinar los mejores pasos a seguir despu\u00e9s de un accidente de autom\u00f3vil. Rellene ahora un formulario de contacto.<\/p>\n","protected":false},"excerpt":{"rendered":"<p>Las v\u00edctimas suelen tener muchas preguntas despu\u00e9s de un accidente de autom\u00f3vil. Si su accidente fue causado por la negligencia de otro conductor, \u00e9ste puede ser responsable de los da\u00f1os resultantes. En las carreteras, incluso un acto de negligencia aparentemente menor puede causar un accidente grave y lesiones serias. Llame al Bufete Guti\u00e9rrez para hablar [&hellip;]<\/p>\n","protected":false},"author":10,"featured_media":4470,"parent":4766,"menu_order":0,"comment_status":"closed","ping_status":"closed","template":"","meta":{"footnotes":""},"class_list":["post-4774","page","type-page","status-publish","has-post-thumbnail","hentry"],"yoast_head":"<!-- This site is optimized with the Yoast SEO plugin v27.3 - https:\/\/yoast.com\/product\/yoast-seo-wordpress\/ -->\n<title>ABOGADO DE ACCIDENTES DE AUTOM\u00d3VIL EN ALICE - The Gutierrez Law Firm Inc.<\/title>\n<meta name=\"robots\" content=\"index, follow, max-snippet:-1, max-image-preview:large, max-video-preview:-1\" \/>\n<link rel=\"canonical\" href=\"https:\/\/gutierrezlawfirm.com\/es\/abogado-de-lesiones-personales-de-alice\/abogado-de-accidentes-de-automovil\/\" \/>\n<meta property=\"og:locale\" content=\"es_ES\" \/>\n<meta property=\"og:type\" content=\"article\" \/>\n<meta property=\"og:title\" content=\"ABOGADO DE ACCIDENTES DE AUTOM\u00d3VIL EN ALICE - The Gutierrez Law Firm Inc.\" \/>\n<meta property=\"og:description\" content=\"Las v\u00edctimas suelen tener muchas preguntas despu\u00e9s de un accidente de autom\u00f3vil. Si su accidente fue causado por la negligencia de otro conductor, \u00e9ste puede ser responsable de los da\u00f1os resultantes. En las carreteras, incluso un acto de negligencia aparentemente menor puede causar un accidente grave y lesiones serias. Llame al Bufete Guti\u00e9rrez para hablar [&hellip;]\" \/>\n<meta property=\"og:url\" content=\"https:\/\/gutierrezlawfirm.com\/es\/abogado-de-lesiones-personales-de-alice\/abogado-de-accidentes-de-automovil\/\" \/>\n<meta property=\"og:site_name\" content=\"The Gutierrez Law Firm Inc.\" \/>\n<meta property=\"article:modified_time\" content=\"2024-06-21T04:27:56+00:00\" \/>\n<meta property=\"og:image\" content=\"https:\/\/gutierrezlawfirm.com\/wp-content\/uploads\/2022\/06\/Auto-accident.jpg\" \/>\n\t<meta property=\"og:image:width\" content=\"1080\" \/>\n\t<meta property=\"og:image:height\" content=\"608\" \/>\n\t<meta property=\"og:image:type\" content=\"image\/jpeg\" \/>\n<meta name=\"twitter:card\" content=\"summary_large_image\" \/>\n<meta name=\"twitter:label1\" content=\"Tiempo de lectura\" \/>\n\t<meta name=\"twitter:data1\" content=\"5 minutos\" \/>\n<script type=\"application\/ld+json\" class=\"yoast-schema-graph\">{\"@context\":\"https:\\\/\\\/schema.org\",\"@graph\":[{\"@type\":\"WebPage\",\"@id\":\"https:\\\/\\\/gutierrezlawfirm.com\\\/es\\\/abogado-de-lesiones-personales-de-alice\\\/abogado-de-accidentes-de-automovil\\\/\",\"url\":\"https:\\\/\\\/gutierrezlawfirm.com\\\/es\\\/abogado-de-lesiones-personales-de-alice\\\/abogado-de-accidentes-de-automovil\\\/\",\"name\":\"ABOGADO DE ACCIDENTES DE AUTOM\u00d3VIL EN ALICE - The Gutierrez Law Firm Inc.\",\"isPartOf\":{\"@id\":\"https:\\\/\\\/gutierrezlawfirm.com\\\/es\\\/#website\"},\"primaryImageOfPage\":{\"@id\":\"https:\\\/\\\/gutierrezlawfirm.com\\\/es\\\/abogado-de-lesiones-personales-de-alice\\\/abogado-de-accidentes-de-automovil\\\/#primaryimage\"},\"image\":{\"@id\":\"https:\\\/\\\/gutierrezlawfirm.com\\\/es\\\/abogado-de-lesiones-personales-de-alice\\\/abogado-de-accidentes-de-automovil\\\/#primaryimage\"},\"thumbnailUrl\":\"https:\\\/\\\/gutierrezlawfirm.com\\\/wp-content\\\/uploads\\\/2022\\\/06\\\/Auto-accident.jpg\",\"datePublished\":\"2022-06-09T10:42:06+00:00\",\"dateModified\":\"2024-06-21T04:27:56+00:00\",\"breadcrumb\":{\"@id\":\"https:\\\/\\\/gutierrezlawfirm.com\\\/es\\\/abogado-de-lesiones-personales-de-alice\\\/abogado-de-accidentes-de-automovil\\\/#breadcrumb\"},\"inLanguage\":\"es\",\"potentialAction\":[{\"@type\":\"ReadAction\",\"target\":[\"https:\\\/\\\/gutierrezlawfirm.com\\\/es\\\/abogado-de-lesiones-personales-de-alice\\\/abogado-de-accidentes-de-automovil\\\/\"]}]},{\"@type\":\"ImageObject\",\"inLanguage\":\"es\",\"@id\":\"https:\\\/\\\/gutierrezlawfirm.com\\\/es\\\/abogado-de-lesiones-personales-de-alice\\\/abogado-de-accidentes-de-automovil\\\/#primaryimage\",\"url\":\"https:\\\/\\\/gutierrezlawfirm.com\\\/wp-content\\\/uploads\\\/2022\\\/06\\\/Auto-accident.jpg\",\"contentUrl\":\"https:\\\/\\\/gutierrezlawfirm.com\\\/wp-content\\\/uploads\\\/2022\\\/06\\\/Auto-accident.jpg\",\"width\":1080,\"height\":608},{\"@type\":\"BreadcrumbList\",\"@id\":\"https:\\\/\\\/gutierrezlawfirm.com\\\/es\\\/abogado-de-lesiones-personales-de-alice\\\/abogado-de-accidentes-de-automovil\\\/#breadcrumb\",\"itemListElement\":[{\"@type\":\"ListItem\",\"position\":1,\"name\":\"Home\",\"item\":\"https:\\\/\\\/gutierrezlawfirm.com\\\/es\\\/\"},{\"@type\":\"ListItem\",\"position\":2,\"name\":\"ABOGADO DE LESIONES PERSONALES DE ALICE\",\"item\":\"https:\\\/\\\/gutierrezlawfirm.com\\\/es\\\/abogado-de-lesiones-personales-de-alice\\\/\"},{\"@type\":\"ListItem\",\"position\":3,\"name\":\"ABOGADO DE ACCIDENTES DE AUTOM\u00d3VIL EN ALICE\"}]},{\"@type\":\"WebSite\",\"@id\":\"https:\\\/\\\/gutierrezlawfirm.com\\\/es\\\/#website\",\"url\":\"https:\\\/\\\/gutierrezlawfirm.com\\\/es\\\/\",\"name\":\"The Gutierrez Law Firm Inc.\",\"description\":\"Texas Personal Injury Lawyers\",\"publisher\":{\"@id\":\"https:\\\/\\\/gutierrezlawfirm.com\\\/es\\\/#organization\"},\"potentialAction\":[{\"@type\":\"SearchAction\",\"target\":{\"@type\":\"EntryPoint\",\"urlTemplate\":\"https:\\\/\\\/gutierrezlawfirm.com\\\/es\\\/?s={search_term_string}\"},\"query-input\":{\"@type\":\"PropertyValueSpecification\",\"valueRequired\":true,\"valueName\":\"search_term_string\"}}],\"inLanguage\":\"es\"},{\"@type\":\"Organization\",\"@id\":\"https:\\\/\\\/gutierrezlawfirm.com\\\/es\\\/#organization\",\"name\":\"The Gutierrez Law Firm Inc.\",\"url\":\"https:\\\/\\\/gutierrezlawfirm.com\\\/es\\\/\",\"logo\":{\"@type\":\"ImageObject\",\"inLanguage\":\"es\",\"@id\":\"https:\\\/\\\/gutierrezlawfirm.com\\\/es\\\/#\\\/schema\\\/logo\\\/image\\\/\",\"url\":\"https:\\\/\\\/gutierrezlawfirm.com\\\/wp-content\\\/uploads\\\/2024\\\/03\\\/gutierrez-law-firm-logo-gold-transparent.svg\",\"contentUrl\":\"https:\\\/\\\/gutierrezlawfirm.com\\\/wp-content\\\/uploads\\\/2024\\\/03\\\/gutierrez-law-firm-logo-gold-transparent.svg\",\"width\":3000,\"height\":1184,\"caption\":\"The Gutierrez Law Firm Inc.\"},\"image\":{\"@id\":\"https:\\\/\\\/gutierrezlawfirm.com\\\/es\\\/#\\\/schema\\\/logo\\\/image\\\/\"}}]}<\/script>\n<!-- \/ Yoast SEO plugin. -->","yoast_head_json":{"title":"ABOGADO DE ACCIDENTES DE AUTOM\u00d3VIL EN ALICE - The Gutierrez Law Firm Inc.","robots":{"index":"index","follow":"follow","max-snippet":"max-snippet:-1","max-image-preview":"max-image-preview:large","max-video-preview":"max-video-preview:-1"},"canonical":"https:\/\/gutierrezlawfirm.com\/es\/abogado-de-lesiones-personales-de-alice\/abogado-de-accidentes-de-automovil\/","og_locale":"es_ES","og_type":"article","og_title":"ABOGADO DE ACCIDENTES DE AUTOM\u00d3VIL EN ALICE - The Gutierrez Law Firm Inc.","og_description":"Las v\u00edctimas suelen tener muchas preguntas despu\u00e9s de un accidente de autom\u00f3vil. Si su accidente fue causado por la negligencia de otro conductor, \u00e9ste puede ser responsable de los da\u00f1os resultantes. En las carreteras, incluso un acto de negligencia aparentemente menor puede causar un accidente grave y lesiones serias. Llame al Bufete Guti\u00e9rrez para hablar [&hellip;]","og_url":"https:\/\/gutierrezlawfirm.com\/es\/abogado-de-lesiones-personales-de-alice\/abogado-de-accidentes-de-automovil\/","og_site_name":"The Gutierrez Law Firm Inc.","article_modified_time":"2024-06-21T04:27:56+00:00","og_image":[{"width":1080,"height":608,"url":"https:\/\/gutierrezlawfirm.com\/wp-content\/uploads\/2022\/06\/Auto-accident.jpg","type":"image\/jpeg"}],"twitter_card":"summary_large_image","twitter_misc":{"Tiempo de lectura":"5 minutos"},"schema":{"@context":"https:\/\/schema.org","@graph":[{"@type":"WebPage","@id":"https:\/\/gutierrezlawfirm.com\/es\/abogado-de-lesiones-personales-de-alice\/abogado-de-accidentes-de-automovil\/","url":"https:\/\/gutierrezlawfirm.com\/es\/abogado-de-lesiones-personales-de-alice\/abogado-de-accidentes-de-automovil\/","name":"ABOGADO DE ACCIDENTES DE AUTOM\u00d3VIL EN ALICE - The Gutierrez Law Firm Inc.","isPartOf":{"@id":"https:\/\/gutierrezlawfirm.com\/es\/#website"},"primaryImageOfPage":{"@id":"https:\/\/gutierrezlawfirm.com\/es\/abogado-de-lesiones-personales-de-alice\/abogado-de-accidentes-de-automovil\/#primaryimage"},"image":{"@id":"https:\/\/gutierrezlawfirm.com\/es\/abogado-de-lesiones-personales-de-alice\/abogado-de-accidentes-de-automovil\/#primaryimage"},"thumbnailUrl":"https:\/\/gutierrezlawfirm.com\/wp-content\/uploads\/2022\/06\/Auto-accident.jpg","datePublished":"2022-06-09T10:42:06+00:00","dateModified":"2024-06-21T04:27:56+00:00","breadcrumb":{"@id":"https:\/\/gutierrezlawfirm.com\/es\/abogado-de-lesiones-personales-de-alice\/abogado-de-accidentes-de-automovil\/#breadcrumb"},"inLanguage":"es","potentialAction":[{"@type":"ReadAction","target":["https:\/\/gutierrezlawfirm.com\/es\/abogado-de-lesiones-personales-de-alice\/abogado-de-accidentes-de-automovil\/"]}]},{"@type":"ImageObject","inLanguage":"es","@id":"https:\/\/gutierrezlawfirm.com\/es\/abogado-de-lesiones-personales-de-alice\/abogado-de-accidentes-de-automovil\/#primaryimage","url":"https:\/\/gutierrezlawfirm.com\/wp-content\/uploads\/2022\/06\/Auto-accident.jpg","contentUrl":"https:\/\/gutierrezlawfirm.com\/wp-content\/uploads\/2022\/06\/Auto-accident.jpg","width":1080,"height":608},{"@type":"BreadcrumbList","@id":"https:\/\/gutierrezlawfirm.com\/es\/abogado-de-lesiones-personales-de-alice\/abogado-de-accidentes-de-automovil\/#breadcrumb","itemListElement":[{"@type":"ListItem","position":1,"name":"Home","item":"https:\/\/gutierrezlawfirm.com\/es\/"},{"@type":"ListItem","position":2,"name":"ABOGADO DE LESIONES PERSONALES DE ALICE","item":"https:\/\/gutierrezlawfirm.com\/es\/abogado-de-lesiones-personales-de-alice\/"},{"@type":"ListItem","position":3,"name":"ABOGADO DE ACCIDENTES DE AUTOM\u00d3VIL EN ALICE"}]},{"@type":"WebSite","@id":"https:\/\/gutierrezlawfirm.com\/es\/#website","url":"https:\/\/gutierrezlawfirm.com\/es\/","name":"The Gutierrez Law Firm Inc.","description":"Texas Personal Injury Lawyers","publisher":{"@id":"https:\/\/gutierrezlawfirm.com\/es\/#organization"},"potentialAction":[{"@type":"SearchAction","target":{"@type":"EntryPoint","urlTemplate":"https:\/\/gutierrezlawfirm.com\/es\/?s={search_term_string}"},"query-input":{"@type":"PropertyValueSpecification","valueRequired":true,"valueName":"search_term_string"}}],"inLanguage":"es"},{"@type":"Organization","@id":"https:\/\/gutierrezlawfirm.com\/es\/#organization","name":"The Gutierrez Law Firm Inc.","url":"https:\/\/gutierrezlawfirm.com\/es\/","logo":{"@type":"ImageObject","inLanguage":"es","@id":"https:\/\/gutierrezlawfirm.com\/es\/#\/schema\/logo\/image\/","url":"https:\/\/gutierrezlawfirm.com\/wp-content\/uploads\/2024\/03\/gutierrez-law-firm-logo-gold-transparent.svg","contentUrl":"https:\/\/gutierrezlawfirm.com\/wp-content\/uploads\/2024\/03\/gutierrez-law-firm-logo-gold-transparent.svg","width":3000,"height":1184,"caption":"The Gutierrez Law Firm Inc."},"image":{"@id":"https:\/\/gutierrezlawfirm.com\/es\/#\/schema\/logo\/image\/"}}]}},"_links":{"self":[{"href":"https:\/\/gutierrezlawfirm.com\/es\/wp-json\/wp\/v2\/pages\/4774","targetHints":{"allow":["GET"]}}],"collection":[{"href":"https:\/\/gutierrezlawfirm.com\/es\/wp-json\/wp\/v2\/pages"}],"about":[{"href":"https:\/\/gutierrezlawfirm.com\/es\/wp-json\/wp\/v2\/types\/page"}],"author":[{"embeddable":true,"href":"https:\/\/gutierrezlawfirm.com\/es\/wp-json\/wp\/v2\/users\/10"}],"replies":[{"embeddable":true,"href":"https:\/\/gutierrezlawfirm.com\/es\/wp-json\/wp\/v2\/comments?post=4774"}],"version-history":[{"count":5,"href":"https:\/\/gutierrezlawfirm.com\/es\/wp-json\/wp\/v2\/pages\/4774\/revisions"}],"predecessor-version":[{"id":4780,"href":"https:\/\/gutierrezlawfirm.com\/es\/wp-json\/wp\/v2\/pages\/4774\/revisions\/4780"}],"up":[{"embeddable":true,"href":"https:\/\/gutierrezlawfirm.com\/es\/wp-json\/wp\/v2\/pages\/4766"}],"wp:featuredmedia":[{"embeddable":true,"href":"https:\/\/gutierrezlawfirm.com\/es\/wp-json\/wp\/v2\/media\/4470"}],"wp:attachment":[{"href":"https:\/\/gutierrezlawfirm.com\/es\/wp-json\/wp\/v2\/media?parent=4774"}],"curies":[{"name":"wp","href":"https:\/\/api.w.org\/{rel}","templated":true}]}}