{"id":4766,"date":"2022-06-09T08:09:15","date_gmt":"2022-06-09T08:09:15","guid":{"rendered":"https:\/\/gutierrezlawfirm.com\/?page_id=4766"},"modified":"2024-06-21T04:12:18","modified_gmt":"2024-06-21T04:12:18","slug":"abogado-de-lesiones-personales-de-alice","status":"publish","type":"page","link":"https:\/\/gutierrezlawfirm.com\/es\/abogado-de-lesiones-personales-de-alice\/","title":{"rendered":"ABOGADO DE LESIONES PERSONALES DE ALICE"},"content":{"rendered":"<p>Una lesi\u00f3n repentina tiene el potencial de alterar dram\u00e1tica e instant\u00e1neamente el curso de su vida. Un incidente aparentemente menor podr\u00eda impedirle montar en bicicleta, hacer deporte o incluso dar una vuelta a la manzana. Incluso podr\u00eda mantenerle alejado de su trabajo. En casos de lesiones m\u00e1s graves, el dolor persistente y las limitaciones de movilidad podr\u00edan impedirle participar plenamente en su vida.<\/p>\n<p>Si las acciones descuidadas de otra persona fueron la causa de un accidente que provoc\u00f3 sus lesiones, podr\u00eda disponer de opciones de reparaci\u00f3n legal mediante la presentaci\u00f3n de una demanda por lesiones personales. Un abogado de lesiones personales en Alice del Bufete Guti\u00e9rrez podr\u00eda luchar agresivamente en su nombre por la compensaci\u00f3n y el cuidado que usted merece.<\/p>\n<p><strong>Causas comunes de demandas por lesiones personales en Alice<\/strong><\/p>\n<p>Un accidente puede ocurrir casi en cualquier lugar y por una variedad de causas. Lo m\u00e1s com\u00fan es que las demandas por lesiones personales surjan por lo siguiente:<\/p>\n<ul>\n<li>Colisiones de autom\u00f3vil, camiones y motocicletas<\/li>\n<li>Productos defectuosos<\/li>\n<li>Medicamentos peligrosos<\/li>\n<li>Lesiones por resbalones y ca\u00eddas<\/li>\n<li>Accidentes ferroviarios y lesiones mar\u00edtimas<\/li>\n<li>Accidentes laborales, especialmente en yacimientos petrol\u00edferos, refiner\u00edas y plantas qu\u00edmicas<\/li>\n<\/ul>\n<p>Tener la orientaci\u00f3n adecuada en caso de una lesi\u00f3n inesperada puede hacer toda la diferencia para lograr el mejor resultado legal posible. Afortunadamente, los h\u00e1biles abogados del Bufete Guti\u00e9rrez en Alice han tenido experiencia con una amplia gama de demandas por lesiones personales. Con m\u00e1s de 45 a\u00f1os de conocimientos pr\u00e1cticos y habilidades legales, saben c\u00f3mo investigar adecuadamente lo que sucedi\u00f3 y determinar qui\u00e9n es legalmente responsable.<\/p>\n<p><strong>Establecer la responsabilidad por lesiones<\/strong><\/p>\n<p>Siempre que un individuo o una empresa hace algo que causa da\u00f1o a otra persona, esa persona lesionada puede tener motivos legales para presentar una demanda. La persona lesionada tiene que demostrar que el demandado caus\u00f3 de forma negligente, imprudente o intencionada el accidente que provoc\u00f3 sus lesiones. Si esto tiene \u00e9xito, podr\u00edan recuperar una compensaci\u00f3n monetaria del demandado. Un abogado de lesiones personales compasivo de Alice podr\u00eda reunirse con un individuo para revisar los detalles de c\u00f3mo se produjo su lesi\u00f3n y determinar si existen motivos v\u00e1lidos para una reclamaci\u00f3n.<\/p>\n<p><strong>Acuerdos previos al juicio<\/strong><\/p>\n<p>Es habitual que las demandas por lesiones personales lleguen a un acuerdo extrajudicial en lugar de ir a juicio. Sin embargo, no suele interesar econ\u00f3micamente a la mayor\u00eda de los demandados ofrecer grandes acuerdos por adelantado. Por ello, muchos abogados defensores intentan aprovecharse de las personas lesionadas ofreci\u00e9ndoles resolver los casos r\u00e1pidamente con propuestas de acuerdo irrazonablemente bajas. Las personas pueden verse tentadas a aceptar estas ofertas iniciales para poner fin a la incertidumbre de m\u00e1s procedimientos legales y para intentar acelerar la recuperaci\u00f3n.<\/p>\n<p>Es fundamental trabajar con el equipo jur\u00eddico adecuado, con capacidad para enfrentarse a las grandes empresas de defensa y a sus compa\u00f1\u00edas de seguros. Un abogado con experiencia podr\u00eda revisar los t\u00e9rminos de un acuerdo propuesto para ver si es justo y razonable. Si no lo son, podr\u00edan ayudar al demandante a buscar un acuerdo completo con una contraoferta. Si los t\u00e9rminos siguen siendo insatisfactorios, el Bufete de Abogados Guti\u00e9rrez no temer\u00eda pelear en la corte a favor de un reclamante lesionado.<\/p>\n<p><strong>Contacte a un abogado de lesiones personales en Alice para la orientaci\u00f3n legal local que necesita<\/strong><\/p>\n<p>Despu\u00e9s de un accidente, usted podr\u00eda enfrentar mucho estr\u00e9s con respecto a su atenci\u00f3n m\u00e9dica, finanzas y opciones legales. El abogado adecuado podr\u00eda ayudarle a conseguir la indemnizaci\u00f3n que necesita para centrarse en su curaci\u00f3n. Un abogado de lesiones personales de Alice podr\u00eda proteger sus derechos al tiempo que mantiene la compasi\u00f3n por su situaci\u00f3n \u00fanica. Con m\u00e1s de 45 a\u00f1os de servicio a la comunidad, el Bufete Guti\u00e9rrez tiene lo que se necesita para ayudarle a obtener lo que se merece y seguir adelante. Llame hoy para una consulta gratuita.<\/p>\n","protected":false},"excerpt":{"rendered":"<p>Una lesi\u00f3n repentina tiene el potencial de alterar dram\u00e1tica e instant\u00e1neamente el curso de su vida. Un incidente aparentemente menor podr\u00eda impedirle montar en bicicleta, hacer deporte o incluso dar una vuelta a la manzana. Incluso podr\u00eda mantenerle alejado de su trabajo. En casos de lesiones m\u00e1s graves, el dolor persistente y las limitaciones de [&hellip;]<\/p>\n","protected":false},"author":10,"featured_media":0,"parent":0,"menu_order":0,"comment_status":"closed","ping_status":"closed","template":"","meta":{"footnotes":""},"class_list":["post-4766","page","type-page","status-publish","hentry"],"yoast_head":"<!-- This site is optimized with the Yoast SEO plugin v27.5 - https:\/\/yoast.com\/product\/yoast-seo-wordpress\/ -->\n<title>ABOGADO DE LESIONES PERSONALES DE ALICE - The Gutierrez Law Firm Inc.<\/title>\n<meta name=\"robots\" content=\"index, follow, max-snippet:-1, max-image-preview:large, max-video-preview:-1\" \/>\n<link rel=\"canonical\" href=\"https:\/\/gutierrezlawfirm.com\/es\/abogado-de-lesiones-personales-de-alice\/\" \/>\n<meta property=\"og:locale\" content=\"es_ES\" \/>\n<meta property=\"og:type\" content=\"article\" \/>\n<meta property=\"og:title\" content=\"ABOGADO DE LESIONES PERSONALES DE ALICE - The Gutierrez Law Firm Inc.\" \/>\n<meta property=\"og:description\" content=\"Una lesi\u00f3n repentina tiene el potencial de alterar dram\u00e1tica e instant\u00e1neamente el curso de su vida. Un incidente aparentemente menor podr\u00eda impedirle montar en bicicleta, hacer deporte o incluso dar una vuelta a la manzana. Incluso podr\u00eda mantenerle alejado de su trabajo. En casos de lesiones m\u00e1s graves, el dolor persistente y las limitaciones de [&hellip;]\" \/>\n<meta property=\"og:url\" content=\"https:\/\/gutierrezlawfirm.com\/es\/abogado-de-lesiones-personales-de-alice\/\" \/>\n<meta property=\"og:site_name\" content=\"The Gutierrez Law Firm Inc.\" \/>\n<meta property=\"article:modified_time\" content=\"2024-06-21T04:12:18+00:00\" \/>\n<meta name=\"twitter:card\" content=\"summary_large_image\" \/>\n<meta name=\"twitter:label1\" content=\"Tiempo de lectura\" \/>\n\t<meta name=\"twitter:data1\" content=\"3 minutos\" \/>\n<script type=\"application\/ld+json\" class=\"yoast-schema-graph\">{\"@context\":\"https:\\\/\\\/schema.org\",\"@graph\":[{\"@type\":\"WebPage\",\"@id\":\"https:\\\/\\\/gutierrezlawfirm.com\\\/es\\\/abogado-de-lesiones-personales-de-alice\\\/\",\"url\":\"https:\\\/\\\/gutierrezlawfirm.com\\\/es\\\/abogado-de-lesiones-personales-de-alice\\\/\",\"name\":\"ABOGADO DE LESIONES PERSONALES DE ALICE - The Gutierrez Law Firm Inc.\",\"isPartOf\":{\"@id\":\"https:\\\/\\\/gutierrezlawfirm.com\\\/es\\\/#website\"},\"datePublished\":\"2022-06-09T08:09:15+00:00\",\"dateModified\":\"2024-06-21T04:12:18+00:00\",\"breadcrumb\":{\"@id\":\"https:\\\/\\\/gutierrezlawfirm.com\\\/es\\\/abogado-de-lesiones-personales-de-alice\\\/#breadcrumb\"},\"inLanguage\":\"es\",\"potentialAction\":[{\"@type\":\"ReadAction\",\"target\":[\"https:\\\/\\\/gutierrezlawfirm.com\\\/es\\\/abogado-de-lesiones-personales-de-alice\\\/\"]}]},{\"@type\":\"BreadcrumbList\",\"@id\":\"https:\\\/\\\/gutierrezlawfirm.com\\\/es\\\/abogado-de-lesiones-personales-de-alice\\\/#breadcrumb\",\"itemListElement\":[{\"@type\":\"ListItem\",\"position\":1,\"name\":\"Home\",\"item\":\"https:\\\/\\\/gutierrezlawfirm.com\\\/es\\\/\"},{\"@type\":\"ListItem\",\"position\":2,\"name\":\"ABOGADO DE LESIONES PERSONALES DE ALICE\"}]},{\"@type\":\"WebSite\",\"@id\":\"https:\\\/\\\/gutierrezlawfirm.com\\\/es\\\/#website\",\"url\":\"https:\\\/\\\/gutierrezlawfirm.com\\\/es\\\/\",\"name\":\"The Gutierrez Law Firm Inc.\",\"description\":\"Texas Personal Injury Lawyers\",\"publisher\":{\"@id\":\"https:\\\/\\\/gutierrezlawfirm.com\\\/es\\\/#organization\"},\"potentialAction\":[{\"@type\":\"SearchAction\",\"target\":{\"@type\":\"EntryPoint\",\"urlTemplate\":\"https:\\\/\\\/gutierrezlawfirm.com\\\/es\\\/?s={search_term_string}\"},\"query-input\":{\"@type\":\"PropertyValueSpecification\",\"valueRequired\":true,\"valueName\":\"search_term_string\"}}],\"inLanguage\":\"es\"},{\"@type\":\"Organization\",\"@id\":\"https:\\\/\\\/gutierrezlawfirm.com\\\/es\\\/#organization\",\"name\":\"The Gutierrez Law Firm Inc.\",\"url\":\"https:\\\/\\\/gutierrezlawfirm.com\\\/es\\\/\",\"logo\":{\"@type\":\"ImageObject\",\"inLanguage\":\"es\",\"@id\":\"https:\\\/\\\/gutierrezlawfirm.com\\\/es\\\/#\\\/schema\\\/logo\\\/image\\\/\",\"url\":\"https:\\\/\\\/gutierrezlawfirm.com\\\/wp-content\\\/uploads\\\/2024\\\/03\\\/gutierrez-law-firm-logo-gold-transparent.svg\",\"contentUrl\":\"https:\\\/\\\/gutierrezlawfirm.com\\\/wp-content\\\/uploads\\\/2024\\\/03\\\/gutierrez-law-firm-logo-gold-transparent.svg\",\"width\":3000,\"height\":1184,\"caption\":\"The Gutierrez Law Firm Inc.\"},\"image\":{\"@id\":\"https:\\\/\\\/gutierrezlawfirm.com\\\/es\\\/#\\\/schema\\\/logo\\\/image\\\/\"}}]}<\/script>\n<!-- \/ Yoast SEO plugin. -->","yoast_head_json":{"title":"ABOGADO DE LESIONES PERSONALES DE ALICE - The Gutierrez Law Firm Inc.","robots":{"index":"index","follow":"follow","max-snippet":"max-snippet:-1","max-image-preview":"max-image-preview:large","max-video-preview":"max-video-preview:-1"},"canonical":"https:\/\/gutierrezlawfirm.com\/es\/abogado-de-lesiones-personales-de-alice\/","og_locale":"es_ES","og_type":"article","og_title":"ABOGADO DE LESIONES PERSONALES DE ALICE - The Gutierrez Law Firm Inc.","og_description":"Una lesi\u00f3n repentina tiene el potencial de alterar dram\u00e1tica e instant\u00e1neamente el curso de su vida. Un incidente aparentemente menor podr\u00eda impedirle montar en bicicleta, hacer deporte o incluso dar una vuelta a la manzana. Incluso podr\u00eda mantenerle alejado de su trabajo. En casos de lesiones m\u00e1s graves, el dolor persistente y las limitaciones de [&hellip;]","og_url":"https:\/\/gutierrezlawfirm.com\/es\/abogado-de-lesiones-personales-de-alice\/","og_site_name":"The Gutierrez Law Firm Inc.","article_modified_time":"2024-06-21T04:12:18+00:00","twitter_card":"summary_large_image","twitter_misc":{"Tiempo de lectura":"3 minutos"},"schema":{"@context":"https:\/\/schema.org","@graph":[{"@type":"WebPage","@id":"https:\/\/gutierrezlawfirm.com\/es\/abogado-de-lesiones-personales-de-alice\/","url":"https:\/\/gutierrezlawfirm.com\/es\/abogado-de-lesiones-personales-de-alice\/","name":"ABOGADO DE LESIONES PERSONALES DE ALICE - The Gutierrez Law Firm Inc.","isPartOf":{"@id":"https:\/\/gutierrezlawfirm.com\/es\/#website"},"datePublished":"2022-06-09T08:09:15+00:00","dateModified":"2024-06-21T04:12:18+00:00","breadcrumb":{"@id":"https:\/\/gutierrezlawfirm.com\/es\/abogado-de-lesiones-personales-de-alice\/#breadcrumb"},"inLanguage":"es","potentialAction":[{"@type":"ReadAction","target":["https:\/\/gutierrezlawfirm.com\/es\/abogado-de-lesiones-personales-de-alice\/"]}]},{"@type":"BreadcrumbList","@id":"https:\/\/gutierrezlawfirm.com\/es\/abogado-de-lesiones-personales-de-alice\/#breadcrumb","itemListElement":[{"@type":"ListItem","position":1,"name":"Home","item":"https:\/\/gutierrezlawfirm.com\/es\/"},{"@type":"ListItem","position":2,"name":"ABOGADO DE LESIONES PERSONALES DE ALICE"}]},{"@type":"WebSite","@id":"https:\/\/gutierrezlawfirm.com\/es\/#website","url":"https:\/\/gutierrezlawfirm.com\/es\/","name":"The Gutierrez Law Firm Inc.","description":"Texas Personal Injury Lawyers","publisher":{"@id":"https:\/\/gutierrezlawfirm.com\/es\/#organization"},"potentialAction":[{"@type":"SearchAction","target":{"@type":"EntryPoint","urlTemplate":"https:\/\/gutierrezlawfirm.com\/es\/?s={search_term_string}"},"query-input":{"@type":"PropertyValueSpecification","valueRequired":true,"valueName":"search_term_string"}}],"inLanguage":"es"},{"@type":"Organization","@id":"https:\/\/gutierrezlawfirm.com\/es\/#organization","name":"The Gutierrez Law Firm Inc.","url":"https:\/\/gutierrezlawfirm.com\/es\/","logo":{"@type":"ImageObject","inLanguage":"es","@id":"https:\/\/gutierrezlawfirm.com\/es\/#\/schema\/logo\/image\/","url":"https:\/\/gutierrezlawfirm.com\/wp-content\/uploads\/2024\/03\/gutierrez-law-firm-logo-gold-transparent.svg","contentUrl":"https:\/\/gutierrezlawfirm.com\/wp-content\/uploads\/2024\/03\/gutierrez-law-firm-logo-gold-transparent.svg","width":3000,"height":1184,"caption":"The Gutierrez Law Firm Inc."},"image":{"@id":"https:\/\/gutierrezlawfirm.com\/es\/#\/schema\/logo\/image\/"}}]}},"_links":{"self":[{"href":"https:\/\/gutierrezlawfirm.com\/es\/wp-json\/wp\/v2\/pages\/4766","targetHints":{"allow":["GET"]}}],"collection":[{"href":"https:\/\/gutierrezlawfirm.com\/es\/wp-json\/wp\/v2\/pages"}],"about":[{"href":"https:\/\/gutierrezlawfirm.com\/es\/wp-json\/wp\/v2\/types\/page"}],"author":[{"embeddable":true,"href":"https:\/\/gutierrezlawfirm.com\/es\/wp-json\/wp\/v2\/users\/10"}],"replies":[{"embeddable":true,"href":"https:\/\/gutierrezlawfirm.com\/es\/wp-json\/wp\/v2\/comments?post=4766"}],"version-history":[{"count":4,"href":"https:\/\/gutierrezlawfirm.com\/es\/wp-json\/wp\/v2\/pages\/4766\/revisions"}],"predecessor-version":[{"id":4771,"href":"https:\/\/gutierrezlawfirm.com\/es\/wp-json\/wp\/v2\/pages\/4766\/revisions\/4771"}],"wp:attachment":[{"href":"https:\/\/gutierrezlawfirm.com\/es\/wp-json\/wp\/v2\/media?parent=4766"}],"curies":[{"name":"wp","href":"https:\/\/api.w.org\/{rel}","templated":true}]}}