{"id":4754,"date":"2024-03-08T18:35:04","date_gmt":"2024-03-08T18:35:04","guid":{"rendered":"https:\/\/gutierrezlawfirm.com\/?page_id=4754"},"modified":"2024-06-21T03:57:21","modified_gmt":"2024-06-21T03:57:21","slug":"accidentes-automovil","status":"publish","type":"page","link":"https:\/\/gutierrezlawfirm.com\/es\/accidentes-automovil\/","title":{"rendered":"ABOGADO DE ACCIDENTES DE AUTOM\u00d3VIL EN HOUSTON"},"content":{"rendered":"\t\t<div data-elementor-type=\"wp-page\" data-elementor-id=\"4754\" class=\"elementor elementor-4754 elementor-2720\" data-elementor-post-type=\"page\">\n\t\t\t\t<div class=\"elementor-element elementor-element-2f2dfa5b e-flex e-con-boxed e-con e-parent\" data-id=\"2f2dfa5b\" data-element_type=\"container\" data-e-type=\"container\">\n\t\t\t\t\t<div class=\"e-con-inner\">\n\t\t\t\t<div class=\"elementor-element elementor-element-75be4d4a elementor-widget elementor-widget-text-editor\" data-id=\"75be4d4a\" data-element_type=\"widget\" data-e-type=\"widget\" data-widget_type=\"text-editor.default\">\n\t\t\t\t<div class=\"elementor-widget-container\">\n\t\t\t\t\t\t\t\t\t<p>El Bufete de Abogados Guti\u00e9rrez representa a v\u00edctimas de accidentes automovil\u00edsticos en todo Houston. Nuestro equipo de abogados de accidentes automovil\u00edsticos en Houston tiene las habilidades y la experiencia que usted necesita para asegurarse de que los culpables sean responsabilizados y usted pueda recuperarse de sus lesiones. Para obtener m\u00e1s informaci\u00f3n sobre sus posibles opciones, p\u00f3ngase en contacto con nosotros hoy mismo para una consulta gratuita.<\/p><p>\u00a0<\/p><p><strong>\u00bfNecesita a nuestros abogados?<\/strong><\/p><p>Cuando piensa en la cantidad de tiempo que pasa en la carretera en Houston, es f\u00e1cil ver c\u00f3mo puede ocurrir un accidente de autom\u00f3vil. Pero es el resultado de un accidente de autom\u00f3vil lo que va a determinar si necesita o no a nuestros abogados. En el caso de que su accidente o sus lesiones sean leves, probablemente no necesite preocuparse por emprender acciones legales.<\/p><p>Pero, lidiar con un accidente de autom\u00f3vil puede ser realmente desafiante, especialmente si usted est\u00e1 lesionado y ya se siente abrumado. Ah\u00ed es donde entra en juego nuestro equipo de abogados expertos. Nos dedicamos a poner a nuestros clientes en primer lugar, y nos comprometemos a proporcionarle una ayuda personalizada que se adapte a su situaci\u00f3n espec\u00edfica. He aqu\u00ed c\u00f3mo podemos ayudarle:<\/p><ul><li><strong>Investigar la causa del accidente<\/strong> &#8211; Indagaremos a fondo para averiguar exactamente qu\u00e9 caus\u00f3 el accidente en primer lugar.<\/li><li><strong>Reunir las pruebas necesarias<\/strong> &#8211; Recopilaremos todas las pruebas importantes necesarias para apoyar su caso.<\/li><li><strong>Entrevistar a testigos y peritos<\/strong> &#8211; Hablaremos con cualquier persona que haya visto c\u00f3mo se produjo el accidente, as\u00ed como con peritos que puedan aportar informaci\u00f3n valiosa.<\/li><li><strong>Gestionar las comunicaciones<\/strong> &#8211; Nos encargaremos de todas las idas y venidas con la compa\u00f1\u00eda de seguros y los abogados de la otra parte para que usted no tenga que hacerlo.<\/li><li><strong>Trabajar para conseguir un acuerdo justo<\/strong> &#8211; Nos esforzaremos al m\u00e1ximo para asegurarnos de que obtiene el mejor acuerdo posible para su caso.<\/li><\/ul><p>De nuevo, nuestro enfoque se centra en sus necesidades. Nos centramos en lo que usted quiere y necesita del proceso legal, y trabajamos en consecuencia. Mejor a\u00fan, ofrecemos consultas iniciales gratuitas y trabajamos con honorarios condicionales. Esto significa que usted no paga nada por adelantado por nuestros servicios, y en su lugar puede centrarse en su salud y su familia.<\/p><p>\u00a0<\/p><p><strong>Pasos a seguir tras un accidente de autom\u00f3vil<\/strong><\/p><p>Como es de esperar, los momentos posteriores a un accidente de autom\u00f3vil pueden ser extremadamente traum\u00e1ticos, especialmente si usted o sus pasajeros resultan heridos. Al mismo tiempo, estos momentos son cruciales para el desarrollo de su posible reclamaci\u00f3n. Esto hace que sea muy importante tomar ciertas medidas para proteger su salud, su seguridad y sus derechos legales:<\/p><ul><li><strong>P\u00f3ngase a salvo<\/strong> &#8211; Lo primero que debe hacer (si es seguro hacerlo) es apartar su veh\u00edculo a un lado de la carretera, fuera del tr\u00e1fico. A continuaci\u00f3n, eval\u00faese a s\u00ed mismo y a los pasajeros por si hubiera lesiones y llame al 911.<\/li><li><strong>Intercambie informaci\u00f3n sobre el seguro<\/strong> &#8211; Comparta sus datos de contacto y del seguro con otras personas implicadas en el accidente.<\/li><li><strong>Re\u00fana pruebas<\/strong> &#8211; Utilice su tel\u00e9fono para tomar fotos y v\u00eddeos de la escena del accidente, mostrando cualquier da\u00f1o en su veh\u00edculo, el otro veh\u00edculo, las lesiones y las se\u00f1ales de tr\u00e1fico importantes.<\/li><li><strong>Informe del accidente<\/strong> &#8211; Llame a la polic\u00eda, especialmente si hay heridos, da\u00f1os importantes o si los dem\u00e1s no est\u00e1n cooperando.<\/li><li><strong>Obtenga atenci\u00f3n m\u00e9dica<\/strong> &#8211; Solicite atenci\u00f3n m\u00e9dica en el lugar del accidente para tratar cualquier lesi\u00f3n inmediata. Despu\u00e9s, aunque se sienta bien, es conveniente que acuda a un m\u00e9dico, ya que algunas lesiones pueden no ser evidentes de inmediato.<\/li><li><strong>Avise a su seguro de coche<\/strong> &#8211; Informe a su compa\u00f1\u00eda de seguros del accidente para iniciar el proceso de reclamaci\u00f3n.<\/li><li><strong>Lleve un registro de sus da\u00f1os<\/strong> &#8211; Guarde todos los documentos relevantes como facturas m\u00e9dicas, presupuestos de reparaciones y cualquier comunicaci\u00f3n con su compa\u00f1\u00eda de seguros o la de los dem\u00e1s.<\/li><\/ul><p>Obviamente, cada accidente de autom\u00f3vil es diferente. Esto significa que, a veces, puede que no necesite seguir algunos de estos pasos. Sin embargo, seguir estas pautas es la mejor forma de proteger su salud y la de su posible reclamaci\u00f3n.<\/p><p>\u00a0<\/p><p><strong>Responsabilidad y da\u00f1os en un accidente de autom\u00f3vil<\/strong><\/p><p>En cuanto al proceso legal propiamente dicho, hay cosas muy importantes que debe tener en cuenta. Ante todo, tiene que establecer qui\u00e9n es responsable de pagar sus lesiones y otros da\u00f1os. En t\u00e9rminos legales, esto se conoce como \u00abresponsabilidad\u00bb.<\/p><p>El siguiente paso de la responsabilidad depende de identificar Aunque cada caso es \u00fanico, deben establecerse ciertos elementos para un resultado exitoso de cualquier reclamaci\u00f3n por accidente de autom\u00f3vil. Esencialmente, debe demostrar que la negligencia de la otra parte provoc\u00f3 el accidente. La negligencia suele constar de cuatro componentes:<\/p><ul><li>El otro conductor o parte ten\u00eda el deber de conducir con seguridad y no poner en peligro a los dem\u00e1s.<\/li><li>El otro conductor o parte incumpli\u00f3 este deber.<\/li><li>Su incumplimiento provoc\u00f3 directamente el accidente.<\/li><li>El accidente provoc\u00f3 sus lesiones y otras p\u00e9rdidas.<\/li><\/ul><p>Una vez que averig\u00fce estos elementos, sabr\u00e1 qui\u00e9n es responsable de sus lesiones y da\u00f1os. Recuerde que la culpa puede repartirse entre diferentes personas implicadas en el accidente, incluido usted. Por lo general, estos son los posibles responsables de un accidente de autom\u00f3vil:<\/p><ul><li>Otros conductores<\/li><li>Pasajeros o peatones<\/li><li>Propietarios de veh\u00edculos (si no es el conductor real en el momento del accidente)<\/li><li>Fabricantes de veh\u00edculos o piezas<\/li><li>Organismos gubernamentales<\/li><li>Empresarios<\/li><li>Talleres de reparaci\u00f3n o mec\u00e1nicos<\/li><\/ul><p>Texas tambi\u00e9n opera bajo un estatuto de negligencia comparativa modificada, donde su porcentaje de culpa reducir\u00e1 sus da\u00f1os totales en el mismo porcentaje. Si se determina que usted es responsable en un 50% o m\u00e1s, se le proh\u00edbe legalmente solicitar una indemnizaci\u00f3n por da\u00f1os y perjuicios.<\/p><p>\u00a0<\/p><p><strong>Da\u00f1os y perjuicios<\/strong><\/p><p>Otro aspecto clave de su reclamaci\u00f3n son los da\u00f1os y perjuicios. Este es simplemente el t\u00e9rmino legal para sus p\u00e9rdidas por las lesiones causadas por el accidente de autom\u00f3vil. Por lo tanto, el alcance de sus \u00abda\u00f1os\u00bb va a depender de las particularidades de su accidente. En t\u00e9rminos generales, sin embargo, los siguientes da\u00f1os estar\u00e1n disponibles en una reclamaci\u00f3n:<\/p><ul><li>Gastos de tratamiento m\u00e9dico<\/li><li>Gastos de reparaci\u00f3n o sustituci\u00f3n del veh\u00edculo<\/li><li>Indemnizaci\u00f3n por salarios perdidos o posibles ingresos futuros<\/li><li>Indemnizaci\u00f3n por dolor y sufrimiento<\/li><li>Indemnizaci\u00f3n por angustia emocional<\/li><li>Contraprestaciones econ\u00f3micas por la p\u00e9rdida del disfrute de la vida o la compa\u00f1\u00eda<\/li><li>Gastos relacionados con el homicidio por negligencia en caso de accidente de autom\u00f3vil mortal<\/li><\/ul><p>Manejar las secuelas de un accidente de autom\u00f3vil, como lidiar con las bajas laborales, las lesiones y las reparaciones del veh\u00edculo, puede ser duro. Nuestro bufete est\u00e1 aqu\u00ed para ayudarle a aligerar la carga para usted y su familia. Pero es importante entender el proceso real de reclamaci\u00f3n y por lo que tiene que pasar.<\/p><p>\u00a0<\/p><p><strong>\u00bfCu\u00e1l es el proceso de reclamaci\u00f3n tras un accidente de autom\u00f3vil?<\/strong><\/p><p>Si ha sufrido lesiones en un accidente de autom\u00f3vil en Houston, probablemente se pregunte c\u00f3mo conseguir\u00e1 exactamente los da\u00f1os disponibles.La respuesta: presente una reclamaci\u00f3n por lesiones. Aunque cada accidente es \u00fanico, el proceso suele implicar una reclamaci\u00f3n al seguro o una demanda por lesiones personales. He aqu\u00ed un resumen de estos dos procesos:<\/p><ul><li><strong>Reclamaci\u00f3n al seguro<\/strong> &#8211; Normalmente, el primer paso consiste en presentar una reclamaci\u00f3n al seguro de la parte culpable. Este proceso es mucho menos formal, ya que tiene lugar fuera del sistema judicial. Al mismo tiempo, ellos investigar\u00e1n y evaluar\u00e1n su reclamaci\u00f3n, y tienen la \u00faltima palabra sobre cu\u00e1nto le ofrecen. Aunque le permite acceder m\u00e1s r\u00e1pidamente a un acuerdo, las compa\u00f1\u00edas de seguros suelen hacerle una oferta a la baja con la esperanza de que la acepte. Esto significa que podr\u00eda no cubrir la totalidad de sus da\u00f1os.<\/li><\/ul><p>\u00a0<\/p><ul><li><strong>Demanda<\/strong> &#8211; Presentar una demanda por lesiones personales implica llevar su caso a los tribunales, lo que requiere m\u00e1s tiempo y recursos. Al mismo tiempo, ofrece la posibilidad de obtener indemnizaciones m\u00e1s elevadas. Usted desempe\u00f1a un papel m\u00e1s activo en una demanda, pero nuestro equipo se encarga de las tareas legales. Adem\u00e1s, el litigio puede ser largo, pero es esencial para asegurar lo que se le debe por derecho. Aunque su caso podr\u00eda resolverse en cualquier momento una vez presentada la demanda, estos casos suelen durar de meses a a\u00f1os y pueden acabar en juicio ante un juez y un jurado.<\/li><\/ul><p>Independientemente del camino que elija, nuestro equipo estar\u00e1 ah\u00ed para guiarle a lo largo del proceso. Es importante destacar que la ley de Texas tiene un plazo de prescripci\u00f3n de dos a\u00f1os para presentar una demanda, por lo que el tiempo es crucial. Esto significa que tiene dos a\u00f1os desde la fecha del accidente para presentar su reclamaci\u00f3n, y si no lo hace, no podr\u00e1 recuperar los da\u00f1os.<\/p><p>\u00a0<\/p><p><strong>\u00bfQu\u00e9 tipo de accidentes de autom\u00f3vil hay en Houston?<\/strong><\/p><p>En Houston, con tanta gente y conductores en la carretera, los accidentes de autom\u00f3vil son desgraciadamente frecuentes. Esto, a su vez, da lugar a muchos tipos y causas diferentes de estos accidentes:<\/p><ul><li>Accidentes por alcance<\/li><li>Colisiones frontales<\/li><li>Colisiones en T<\/li><li>Colisiones laterales<\/li><li>Accidentes de camiones comerciales<\/li><li>Accidentes de motocicleta<\/li><li>Accidentes de autob\u00fas<\/li><li>Accidentes de autom\u00f3vil compartido<\/li><li>Accidentes de peatones<\/li><li>Accidentes de bicicleta<\/li><\/ul><p>Al igual que cada accidente de autom\u00f3vil es \u00fanico, las lesiones tambi\u00e9n pueden variar mucho. He aqu\u00ed algunos tipos comunes:<\/p><p>\u00a0<\/p><ul><li>Latigazo cervical<\/li><li>Lesiones en la cabeza, el cuello y los hombros<\/li><li>Cortes y contusiones<\/li><li>Fracturas y huesos rotos<\/li><li>Lesiones cerebrales traum\u00e1ticas (TBI)<\/li><li>Distensiones de espalda<\/li><li>Quemaduras<\/li><li>Traumatismos psicol\u00f3gicos y emocionales<\/li><li>Muerte, en accidentes graves<\/li><\/ul><p>Independientemente del tipo de accidente, es vital recordar que usted tiene opciones legales bajo la ley de Texas para obtener apoyo financiero y beneficios. Sin embargo, antes de dar ese paso, le conviene hablar con nuestro equipo.<\/p><p>\u00a0<\/p><p><strong>Preguntas frecuentes<\/strong><\/p><p><strong>\u00bfTengo que denunciar el accidente a la polic\u00eda?<\/strong><\/p><p>S\u00ed, la ley de Texas le obliga a informar de los accidentes que provoquen lesiones, muerte o da\u00f1os superiores a 1.000 d\u00f3lares. En cualquier caso, debe informar de todos los accidentes, independientemente de su gravedad.<\/p><p>\u00a0<\/p><p><strong>\u00bfDe cu\u00e1nto tiempo dispongo para presentar una reclamaci\u00f3n por lesiones?<\/strong><\/p><p>En Texas, el plazo de prescripci\u00f3n para presentar una demanda por lesiones personales despu\u00e9s de un accidente de autom\u00f3vil suele ser de dos a\u00f1os a partir de la fecha del accidente. Sin embargo, lo mejor es consultar con nuestro equipo para entender su situaci\u00f3n espec\u00edfica.<\/p><p>\u00a0<\/p><p><strong>\u00bfY si el otro conductor no tiene seguro?<\/strong><\/p><p>A\u00fan puede presentar una reclamaci\u00f3n, s\u00f3lo que tendr\u00e1 que hacerlo a trav\u00e9s de su propio seguro de autom\u00f3vil. T\u00edpicamente, usted hace esto a trav\u00e9s de su cobertura de motorista sin seguro\/sin seguro (UM\/UIM).<\/p><p>\u00a0<\/p><p><strong>Contacte a la Firma Guti\u00e9rrez despu\u00e9s de un accidente automovil\u00edstico en Houston<\/strong><\/p><p>Cuando usted ha estado en un accidente automovil\u00edstico en Houston, su vida puede dar un vuelco con lesiones y otras p\u00e9rdidas. En The Gutierrez Firm, nuestros abogados expertos en lesiones personales en Houston est\u00e1n dedicados a obtener el mejor resultado para usted. Si usted o alguien que usted conoce ha sido lesionado en un accidente automovil\u00edstico en Houston, cont\u00e1ctenos hoy para una consulta gratuita y sin compromiso.<\/p>\t\t\t\t\t\t\t\t<\/div>\n\t\t\t\t<\/div>\n\t\t\t\t\t<\/div>\n\t\t\t\t<\/div>\n\t\t\t\t<\/div>\n\t\t","protected":false},"excerpt":{"rendered":"<p>El Bufete de Abogados Guti\u00e9rrez representa a v\u00edctimas de accidentes automovil\u00edsticos en todo Houston. Nuestro equipo de abogados de accidentes automovil\u00edsticos en Houston tiene las habilidades y la experiencia que usted necesita para asegurarse de que los culpables sean responsabilizados y usted pueda recuperarse de sus lesiones. Para obtener m\u00e1s informaci\u00f3n sobre sus posibles opciones, [&hellip;]<\/p>\n","protected":false},"author":7,"featured_media":0,"parent":0,"menu_order":0,"comment_status":"closed","ping_status":"closed","template":"","meta":{"footnotes":""},"class_list":["post-4754","page","type-page","status-publish","hentry"],"yoast_head":"<!-- This site is optimized with the Yoast SEO plugin v27.4 - https:\/\/yoast.com\/product\/yoast-seo-wordpress\/ -->\n<title>ABOGADO DE ACCIDENTES DE AUTOM\u00d3VIL EN HOUSTON - The Gutierrez Law Firm Inc.<\/title>\n<meta name=\"robots\" content=\"index, follow, max-snippet:-1, max-image-preview:large, max-video-preview:-1\" \/>\n<link rel=\"canonical\" href=\"https:\/\/gutierrezlawfirm.com\/es\/accidentes-automovil\/\" \/>\n<meta property=\"og:locale\" content=\"es_ES\" \/>\n<meta property=\"og:type\" content=\"article\" \/>\n<meta property=\"og:title\" content=\"ABOGADO DE ACCIDENTES DE AUTOM\u00d3VIL EN HOUSTON - The Gutierrez Law Firm Inc.\" \/>\n<meta property=\"og:description\" content=\"El Bufete de Abogados Guti\u00e9rrez representa a v\u00edctimas de accidentes automovil\u00edsticos en todo Houston. Nuestro equipo de abogados de accidentes automovil\u00edsticos en Houston tiene las habilidades y la experiencia que usted necesita para asegurarse de que los culpables sean responsabilizados y usted pueda recuperarse de sus lesiones. Para obtener m\u00e1s informaci\u00f3n sobre sus posibles opciones, [&hellip;]\" \/>\n<meta property=\"og:url\" content=\"https:\/\/gutierrezlawfirm.com\/es\/accidentes-automovil\/\" \/>\n<meta property=\"og:site_name\" content=\"The Gutierrez Law Firm Inc.\" \/>\n<meta property=\"article:modified_time\" content=\"2024-06-21T03:57:21+00:00\" \/>\n<meta name=\"twitter:card\" content=\"summary_large_image\" \/>\n<meta name=\"twitter:label1\" content=\"Tiempo de lectura\" \/>\n\t<meta name=\"twitter:data1\" content=\"9 minutos\" \/>\n<script type=\"application\/ld+json\" class=\"yoast-schema-graph\">{\"@context\":\"https:\\\/\\\/schema.org\",\"@graph\":[{\"@type\":\"WebPage\",\"@id\":\"https:\\\/\\\/gutierrezlawfirm.com\\\/es\\\/accidentes-automovil\\\/\",\"url\":\"https:\\\/\\\/gutierrezlawfirm.com\\\/es\\\/accidentes-automovil\\\/\",\"name\":\"ABOGADO DE ACCIDENTES DE AUTOM\u00d3VIL EN HOUSTON - The Gutierrez Law Firm Inc.\",\"isPartOf\":{\"@id\":\"https:\\\/\\\/gutierrezlawfirm.com\\\/es\\\/#website\"},\"datePublished\":\"2024-03-08T18:35:04+00:00\",\"dateModified\":\"2024-06-21T03:57:21+00:00\",\"breadcrumb\":{\"@id\":\"https:\\\/\\\/gutierrezlawfirm.com\\\/es\\\/accidentes-automovil\\\/#breadcrumb\"},\"inLanguage\":\"es\",\"potentialAction\":[{\"@type\":\"ReadAction\",\"target\":[\"https:\\\/\\\/gutierrezlawfirm.com\\\/es\\\/accidentes-automovil\\\/\"]}]},{\"@type\":\"BreadcrumbList\",\"@id\":\"https:\\\/\\\/gutierrezlawfirm.com\\\/es\\\/accidentes-automovil\\\/#breadcrumb\",\"itemListElement\":[{\"@type\":\"ListItem\",\"position\":1,\"name\":\"Home\",\"item\":\"https:\\\/\\\/gutierrezlawfirm.com\\\/es\\\/\"},{\"@type\":\"ListItem\",\"position\":2,\"name\":\"ABOGADO DE ACCIDENTES DE AUTOM\u00d3VIL EN HOUSTON\"}]},{\"@type\":\"WebSite\",\"@id\":\"https:\\\/\\\/gutierrezlawfirm.com\\\/es\\\/#website\",\"url\":\"https:\\\/\\\/gutierrezlawfirm.com\\\/es\\\/\",\"name\":\"The Gutierrez Law Firm Inc.\",\"description\":\"Texas Personal Injury Lawyers\",\"publisher\":{\"@id\":\"https:\\\/\\\/gutierrezlawfirm.com\\\/es\\\/#organization\"},\"potentialAction\":[{\"@type\":\"SearchAction\",\"target\":{\"@type\":\"EntryPoint\",\"urlTemplate\":\"https:\\\/\\\/gutierrezlawfirm.com\\\/es\\\/?s={search_term_string}\"},\"query-input\":{\"@type\":\"PropertyValueSpecification\",\"valueRequired\":true,\"valueName\":\"search_term_string\"}}],\"inLanguage\":\"es\"},{\"@type\":\"Organization\",\"@id\":\"https:\\\/\\\/gutierrezlawfirm.com\\\/es\\\/#organization\",\"name\":\"The Gutierrez Law Firm Inc.\",\"url\":\"https:\\\/\\\/gutierrezlawfirm.com\\\/es\\\/\",\"logo\":{\"@type\":\"ImageObject\",\"inLanguage\":\"es\",\"@id\":\"https:\\\/\\\/gutierrezlawfirm.com\\\/es\\\/#\\\/schema\\\/logo\\\/image\\\/\",\"url\":\"https:\\\/\\\/gutierrezlawfirm.com\\\/wp-content\\\/uploads\\\/2024\\\/03\\\/gutierrez-law-firm-logo-gold-transparent.svg\",\"contentUrl\":\"https:\\\/\\\/gutierrezlawfirm.com\\\/wp-content\\\/uploads\\\/2024\\\/03\\\/gutierrez-law-firm-logo-gold-transparent.svg\",\"width\":3000,\"height\":1184,\"caption\":\"The Gutierrez Law Firm Inc.\"},\"image\":{\"@id\":\"https:\\\/\\\/gutierrezlawfirm.com\\\/es\\\/#\\\/schema\\\/logo\\\/image\\\/\"}}]}<\/script>\n<!-- \/ Yoast SEO plugin. -->","yoast_head_json":{"title":"ABOGADO DE ACCIDENTES DE AUTOM\u00d3VIL EN HOUSTON - The Gutierrez Law Firm Inc.","robots":{"index":"index","follow":"follow","max-snippet":"max-snippet:-1","max-image-preview":"max-image-preview:large","max-video-preview":"max-video-preview:-1"},"canonical":"https:\/\/gutierrezlawfirm.com\/es\/accidentes-automovil\/","og_locale":"es_ES","og_type":"article","og_title":"ABOGADO DE ACCIDENTES DE AUTOM\u00d3VIL EN HOUSTON - The Gutierrez Law Firm Inc.","og_description":"El Bufete de Abogados Guti\u00e9rrez representa a v\u00edctimas de accidentes automovil\u00edsticos en todo Houston. Nuestro equipo de abogados de accidentes automovil\u00edsticos en Houston tiene las habilidades y la experiencia que usted necesita para asegurarse de que los culpables sean responsabilizados y usted pueda recuperarse de sus lesiones. Para obtener m\u00e1s informaci\u00f3n sobre sus posibles opciones, [&hellip;]","og_url":"https:\/\/gutierrezlawfirm.com\/es\/accidentes-automovil\/","og_site_name":"The Gutierrez Law Firm Inc.","article_modified_time":"2024-06-21T03:57:21+00:00","twitter_card":"summary_large_image","twitter_misc":{"Tiempo de lectura":"9 minutos"},"schema":{"@context":"https:\/\/schema.org","@graph":[{"@type":"WebPage","@id":"https:\/\/gutierrezlawfirm.com\/es\/accidentes-automovil\/","url":"https:\/\/gutierrezlawfirm.com\/es\/accidentes-automovil\/","name":"ABOGADO DE ACCIDENTES DE AUTOM\u00d3VIL EN HOUSTON - The Gutierrez Law Firm Inc.","isPartOf":{"@id":"https:\/\/gutierrezlawfirm.com\/es\/#website"},"datePublished":"2024-03-08T18:35:04+00:00","dateModified":"2024-06-21T03:57:21+00:00","breadcrumb":{"@id":"https:\/\/gutierrezlawfirm.com\/es\/accidentes-automovil\/#breadcrumb"},"inLanguage":"es","potentialAction":[{"@type":"ReadAction","target":["https:\/\/gutierrezlawfirm.com\/es\/accidentes-automovil\/"]}]},{"@type":"BreadcrumbList","@id":"https:\/\/gutierrezlawfirm.com\/es\/accidentes-automovil\/#breadcrumb","itemListElement":[{"@type":"ListItem","position":1,"name":"Home","item":"https:\/\/gutierrezlawfirm.com\/es\/"},{"@type":"ListItem","position":2,"name":"ABOGADO DE ACCIDENTES DE AUTOM\u00d3VIL EN HOUSTON"}]},{"@type":"WebSite","@id":"https:\/\/gutierrezlawfirm.com\/es\/#website","url":"https:\/\/gutierrezlawfirm.com\/es\/","name":"The Gutierrez Law Firm Inc.","description":"Texas Personal Injury Lawyers","publisher":{"@id":"https:\/\/gutierrezlawfirm.com\/es\/#organization"},"potentialAction":[{"@type":"SearchAction","target":{"@type":"EntryPoint","urlTemplate":"https:\/\/gutierrezlawfirm.com\/es\/?s={search_term_string}"},"query-input":{"@type":"PropertyValueSpecification","valueRequired":true,"valueName":"search_term_string"}}],"inLanguage":"es"},{"@type":"Organization","@id":"https:\/\/gutierrezlawfirm.com\/es\/#organization","name":"The Gutierrez Law Firm Inc.","url":"https:\/\/gutierrezlawfirm.com\/es\/","logo":{"@type":"ImageObject","inLanguage":"es","@id":"https:\/\/gutierrezlawfirm.com\/es\/#\/schema\/logo\/image\/","url":"https:\/\/gutierrezlawfirm.com\/wp-content\/uploads\/2024\/03\/gutierrez-law-firm-logo-gold-transparent.svg","contentUrl":"https:\/\/gutierrezlawfirm.com\/wp-content\/uploads\/2024\/03\/gutierrez-law-firm-logo-gold-transparent.svg","width":3000,"height":1184,"caption":"The Gutierrez Law Firm Inc."},"image":{"@id":"https:\/\/gutierrezlawfirm.com\/es\/#\/schema\/logo\/image\/"}}]}},"_links":{"self":[{"href":"https:\/\/gutierrezlawfirm.com\/es\/wp-json\/wp\/v2\/pages\/4754","targetHints":{"allow":["GET"]}}],"collection":[{"href":"https:\/\/gutierrezlawfirm.com\/es\/wp-json\/wp\/v2\/pages"}],"about":[{"href":"https:\/\/gutierrezlawfirm.com\/es\/wp-json\/wp\/v2\/types\/page"}],"author":[{"embeddable":true,"href":"https:\/\/gutierrezlawfirm.com\/es\/wp-json\/wp\/v2\/users\/7"}],"replies":[{"embeddable":true,"href":"https:\/\/gutierrezlawfirm.com\/es\/wp-json\/wp\/v2\/comments?post=4754"}],"version-history":[{"count":9,"href":"https:\/\/gutierrezlawfirm.com\/es\/wp-json\/wp\/v2\/pages\/4754\/revisions"}],"predecessor-version":[{"id":4765,"href":"https:\/\/gutierrezlawfirm.com\/es\/wp-json\/wp\/v2\/pages\/4754\/revisions\/4765"}],"wp:attachment":[{"href":"https:\/\/gutierrezlawfirm.com\/es\/wp-json\/wp\/v2\/media?parent=4754"}],"curies":[{"name":"wp","href":"https:\/\/api.w.org\/{rel}","templated":true}]}}